{"id":1377,"date":"2020-05-06T22:57:08","date_gmt":"2020-05-06T20:57:08","guid":{"rendered":"https:\/\/independants-et-entrepreneurs.ch\/unterstuetzungskomitee\/"},"modified":"2020-12-09T14:44:45","modified_gmt":"2020-12-09T13:44:45","slug":"unterstuetzungskomitee","status":"publish","type":"page","link":"https:\/\/independants-et-entrepreneurs.ch\/de\/unterstuetzungskomitee\/","title":{"rendered":"Unterst\u00fctzungskomitee"},"content":{"rendered":"\t\t<div data-elementor-type=\"wp-page\" data-elementor-id=\"1377\" class=\"elementor elementor-1377 elementor-47\" data-elementor-post-type=\"page\">\n\t\t\t\t\t\t<section class=\"elementor-section elementor-top-section elementor-element elementor-element-2894aa5 elementor-section-boxed elementor-section-height-default elementor-section-height-default\" data-id=\"2894aa5\" data-element_type=\"section\" data-e-type=\"section\">\n\t\t\t\t\t\t<div class=\"elementor-container elementor-column-gap-default\">\n\t\t\t\t\t<div class=\"elementor-column elementor-col-100 elementor-top-column elementor-element elementor-element-0cfdb51\" data-id=\"0cfdb51\" data-element_type=\"column\" data-e-type=\"column\">\n\t\t\t<div class=\"elementor-widget-wrap elementor-element-populated\">\n\t\t\t\t\t\t<div class=\"elementor-element elementor-element-f2d7111 elementor-widget elementor-widget-heading\" data-id=\"f2d7111\" data-element_type=\"widget\" data-e-type=\"widget\" data-widget_type=\"heading.default\">\n\t\t\t\t<div class=\"elementor-widget-container\">\n\t\t\t\t\t<h2 class=\"elementor-heading-title elementor-size-default\">Unterst\u00fctzungskomitee<\/h2>\t\t\t\t<\/div>\n\t\t\t\t<\/div>\n\t\t\t\t<div class=\"elementor-element elementor-element-e5fd54f elementor-widget elementor-widget-text-editor\" data-id=\"e5fd54f\" data-element_type=\"widget\" data-e-type=\"widget\" data-widget_type=\"text-editor.default\">\n\t\t\t\t<div class=\"elementor-widget-container\">\n\t\t\t\t\t\t\t\t\t<p>Seit dem 10. April 2020 hat das Kollektiv gemeinsame Aktionen rund um die symbolische Initiative \u00ab <a href=\"\/initiative\">\u00c9tendre les aides aux ind\u00e9pendant-e-s et relever le plafond pour les PME !<\/a> \u00bb unterst\u00fctzt von <a href=\"https:\/\/independants-et-entrepreneurs.ch\/de\/unterstuetzungskomitee\/\">Organisationen und politische Pers\u00f6nlichkeiten<\/a> durch die F\u00f6deration mit dem <a href=\"https:\/\/www.ge.ch\/dossier\/developpement-economique-recherche-innovation\">Abteilung f\u00fcr wirtschaftliche Entwicklung (DDE)<\/a> des Kantons Genf, <a href=\"\/sophie_dupont_linkedin\">Sophie Dupont<\/a> , <a href=\"\/fabrice_pfulg_linkedin\">Fabrice Pfulg<\/a> und <a href=\"\/markus_hohl_linkedin\">Markus Hohl<\/a> in Ordnung, mehr als 220.000 Unterschriften:<\/p>\n<ul type=\"disc\">\n<li>Die 90.514 Unterzeichner der Petition &#8222;<a href=\"\/petition-sophie-dupont\"> Umsetzung von Finanzhilfema\u00dfnahmen f\u00fcr Schweizer Selbstst\u00e4ndige<\/a> &#8222;<br \/>initiiert am 14. M\u00e4rz 2020 von <a href=\"\/sophie_dupont_linkedin\">Sophie Dupont<\/a> auf Change.org<\/li>\n<li>Die 18.771 Unterzeichner der symbolischen Initiative &#8222;<a href=\"\/initiative\"> Erweitern Sie die Hilfe f\u00fcr Selbstst\u00e4ndige und erh\u00f6hen Sie die Obergrenze f\u00fcr KMU!<\/a> &#8222;<br \/>initiiert am 23. M\u00e4rz 2020 von der <a href=\"https:\/\/www.ge.ch\/dossier\/developpement-economique-recherche-innovation\">Direktion f\u00fcr wirtschaftliche Entwicklung (DDE)<\/a> des Kantons Genf auf inilab.pro<\/li>\n<li>Die 11.785 Unterzeichner der Petition &#8222;<a href=\"\/petition-fabrice-pfulg\"> Damit Unternehmer und Selbstst\u00e4ndige in der Schweiz die gleichen Rechte wie ihre Arbeitnehmer haben<\/a> &#8222;<br \/>initiiert am 23. M\u00e4rz 2020 von <a href=\"\/fabrice_pfulg_linkedin\">Fabrice Pfulg<\/a> auf Change.org<\/li>\n<li>Die 100.085 Unterzeichner der Petition &#8222;<a href=\"\/petition-campax-kurzarbeitszeitentschaedigung\"> Unterschiedliche Kleinbetriebe von Kurzarbeitsentgehende Rechte, obwohl sie ALV Beitr\u00e4ge zahlen<\/a> &#8222;Und&#8220;<a href=\"\/petition-campax-exclues-de-droit-a-l-indemnite\"> Tausende kleine Unternehmen sind vom Anspruch auf Entsch\u00e4digung ausgeschlossen, auch wenn sie an CA zahlen<\/a> \u00bbInitiiert am 13. M\u00e4rz 2020 von<a href=\"\/markus_hohl_linkedin\"> Markus Hohl<\/a> auf act.campax.org<\/li>\n<\/ul>\n\t\t\t\t\t\t\t\t<\/div>\n\t\t\t\t<\/div>\n\t\t\t\t<div class=\"elementor-element elementor-element-5e77dfe elementor-widget elementor-widget-text-editor\" data-id=\"5e77dfe\" data-element_type=\"widget\" data-e-type=\"widget\" data-widget_type=\"text-editor.default\">\n\t\t\t\t<div class=\"elementor-widget-container\">\n\t\t\t\t\t\t\t\t\t<p>Wir m\u00f6chten den folgenden Organisationen f\u00fcr ihre Unterst\u00fctzung danken :<\/p>\n<ul dir=\"ltr\">\n<li><a href=\"https:\/\/www.apres-ge.ch\/\">APR\u00c8S-GE<\/a> &#8211; Chambre de l&#8217;\u00e9conomie sociale et solidaire (ESS);<\/li>\n<li><a href=\"https:\/\/www.ccig.ch\/\">CCIG<\/a>&#8211; Chambre de commerce, d&#8217;industrie et des services de Gen\u00e8ve;<\/li>\n<li><a href=\"https:\/\/www.cdebusiness.club\/\">CDE<\/a>&#8211; Cercle des Dirigeants d&#8217;Entreprises;<\/li>\n<li><a href=\"https:\/\/www.ge.ch\/organisation\/departement-du-developpement-economique-dde\">DDE<\/a>&#8211; D\u00e9partement du d\u00e9veloppement \u00e9conomique du Canton de Gen\u00e8ve;<\/li>\n<li><a href=\"https:\/\/geneve-commerce.ch\/\">FCG<\/a>&#8211; F\u00e9d\u00e9ration du Commerce Genevois;<\/li>\n<li><a href=\"https:\/\/www.fer-ge.ch\/\">FER GE<\/a> &#8211; F\u00e9d\u00e9ration des Entreprises Romandes Gen\u00e8ve;<\/li>\n<li><a href=\"http:\/\/www.fmb-ge.ch\/\">FMB<\/a>&#8211; F\u00e9d\u00e9ration genevoise des M\u00e9tiers du B\u00e2timent;<\/li>\n<li><a href=\"https:\/\/www.scrhg.ch\/fr\/\">SCRHG<\/a>&#8211; Soci\u00e9t\u00e9 des Cafetiers, Restaurateurs et H\u00f4teliers de Gen\u00e8ve;<\/li>\n<li><a href=\"http:\/\/www.uapg.ch\/\">UAPG<\/a>&#8211; Union des Associations Patronales Genevoises;<\/li>\n<li><a href=\"http:\/\/www.udi-valais.ch\/fr\/\">UDI<\/a>&#8211; Union des ind\u00e9pendants Valais;<\/li>\n<li><a href=\"https:\/\/asppnn.com\/\">Asppnn<\/a> &#8211; Association Suisse des Photographes Professionnels de Nouveaux-N\u00e9s<\/li>\n<\/ul>\n\t\t\t\t\t\t\t\t<\/div>\n\t\t\t\t<\/div>\n\t\t\t\t<div class=\"elementor-element elementor-element-80bf674 elementor-widget elementor-widget-text-editor\" data-id=\"80bf674\" data-element_type=\"widget\" data-e-type=\"widget\" data-widget_type=\"text-editor.default\">\n\t\t\t\t<div class=\"elementor-widget-container\">\n\t\t\t\t\t\t\t\t\t<p>Und wir m\u00f6chten den folgenden politischen Pers\u00f6nlichkeiten f\u00fcr ihre Unterst\u00fctzung f\u00fcr die symbolische Initiative nach der Aufforderung unseres Kollektivs danken:<\/p>\n<p><strong>FRIBOURG<\/strong><\/p>\n<ul dir=\"ltr\">\n<li>Gerhard Andrey, Conseiller National, Parti \u00e9cologiste suisse<\/li>\n<li>Johanna Gapany, Ratsmitglied der Staaten, PLR The Liberals-Radicals<\/li>\n<\/ul>\n<p><strong>GENEVE<\/strong><\/p>\n<ul dir=\"ltr\">\n<li>Lisa Mazzone, Conseill\u00e8re aux \u00c9tats, Parti \u00e9cologiste suisse<\/li>\n<li>Nicolas Walder, Conseiller National, Parti \u00e9cologiste suisse<\/li>\n<li>Pierre Maudet, Staatsrat, PLR Die Liberalen-Radikalen<\/li>\n<\/ul>\n<p><strong>NEUCHATEL<\/strong><\/p>\n<ul dir=\"ltr\">\n<li>Damien Cottier, Nationalrat, PLR Die Liberalen-Radikalen<\/li>\n<li>Baptiste Hurni, Conseiller National, Parti socialiste suisse<\/li>\n<li>C\u00e9line Vara, Conseill\u00e8re aux \u00c9tats, Parti \u00e9cologiste suisse<\/li>\n<li>Fabien Fivaz, Conseiller National, Parti \u00e9cologiste suisse<\/li>\n<\/ul>\n<p><strong>VALAIS<\/strong><\/p>\n<ul dir=\"ltr\">\n<li>Mathias Reynard, Conseiller National, Parti socialiste suisse<\/li>\n<li>Thomas Birbaum, Mitglied des Grand Conseil Valaisan, PLR Les Liberals-Radicales<\/li>\n<\/ul>\n<p><strong>VAUD<\/strong><\/p>\n<ul dir=\"ltr\">\n<li>Daniel Br\u00e9laz, Conseiller National, Parti \u00e9cologiste suisse<\/li>\n<li>Isabelle Chevalley, Conseill\u00e8re Nationale, Parti vert&#8217;lib\u00e9ral Suisse<\/li>\n<li>Laurent Wehrli, Nationalrat, PLR Die Liberalen-Radikalen<\/li>\n<li>L\u00e9onore Porchet, Conseill\u00e8re Nationale, Parti \u00e9cologiste suisse<\/li>\n<li>Samuel Bendahan, Conseiller National, Parti socialiste suisse<\/li>\n<\/ul>\n\t\t\t\t\t\t\t\t<\/div>\n\t\t\t\t<\/div>\n\t\t\t\t\t<\/div>\n\t\t<\/div>\n\t\t\t\t\t<\/div>\n\t\t<\/section>\n\t\t\t\t<\/div>\n\t\t","protected":false},"excerpt":{"rendered":"<p>Unterst\u00fctzungskomitee Seit dem 10. April 2020 hat das Kollektiv gemeinsame Aktionen rund um die symbolische Initiative \u00ab &lt;a href=&#8220;\/initiative&#8220;&gt;\u00c9tendre les aides aux ind\u00e9pendant-e-s et relever le plafond pour les PME !&lt;\/a&gt; \u00bb unterst\u00fctzt von &lt;a href=&#8220;https:\/\/independants-et-entrepreneurs.ch\/de\/unterstuetzungskomitee\/&#8220;&gt;Organisationen und politische Pers\u00f6nlichkeiten&lt;\/a&gt; durch die F\u00f6deration mit dem &lt;a href=&#8220;https:\/\/www.ge.ch\/dossier\/developpement-economique-recherche-innovation&#8220;&gt;Abteilung f\u00fcr wirtschaftliche Entwicklung (DDE)&lt;\/a&gt; des Kantons Genf, &lt;a href=&#8220;\/sophie_dupont_linkedin&#8220;&gt;Sophie [&hellip;]<\/p>\n","protected":false},"author":1,"featured_media":0,"parent":0,"menu_order":0,"comment_status":"closed","ping_status":"closed","template":"elementor_header_footer","meta":{"footnotes":""},"categories":[43],"tags":[],"class_list":["post-1377","page","type-page","status-publish","hentry","category-offentliche-zone"],"yoast_head":"<!-- This site is optimized with the Yoast SEO plugin v26.8 - https:\/\/yoast.com\/product\/yoast-seo-wordpress\/ -->\n<title>Unterst\u00fctzungskomitee - Wir sind Selbst\u00e4ndige und Unternehmer in der Schweiz<\/title>\n<meta name=\"robots\" content=\"index, follow, max-snippet:-1, max-image-preview:large, max-video-preview:-1\" \/>\n<link rel=\"canonical\" href=\"https:\/\/independants-et-entrepreneurs.ch\/de\/unterstuetzungskomitee\/\" \/>\n<meta property=\"og:locale\" content=\"de_DE\" \/>\n<meta property=\"og:type\" content=\"article\" \/>\n<meta property=\"og:title\" content=\"Unterst\u00fctzungskomitee - Wir sind Selbst\u00e4ndige und Unternehmer in der Schweiz\" \/>\n<meta property=\"og:description\" content=\"Unterst\u00fctzungskomitee Seit dem 10. April 2020 hat das Kollektiv gemeinsame Aktionen rund um die symbolische Initiative \u00ab &lt;a href=&quot;\/initiative&quot;&gt;\u00c9tendre les aides aux ind\u00e9pendant-e-s et relever le plafond pour les PME !&lt;\/a&gt; \u00bb unterst\u00fctzt von &lt;a href=&quot;https:\/\/independants-et-entrepreneurs.ch\/de\/unterstuetzungskomitee\/&quot;&gt;Organisationen und politische Pers\u00f6nlichkeiten&lt;\/a&gt; durch die F\u00f6deration mit dem &lt;a href=&quot;https:\/\/www.ge.ch\/dossier\/developpement-economique-recherche-innovation&quot;&gt;Abteilung f\u00fcr wirtschaftliche Entwicklung (DDE)&lt;\/a&gt; des Kantons Genf, &lt;a href=&quot;\/sophie_dupont_linkedin&quot;&gt;Sophie [&hellip;]\" \/>\n<meta property=\"og:url\" content=\"https:\/\/independants-et-entrepreneurs.ch\/de\/unterstuetzungskomitee\/\" \/>\n<meta property=\"og:site_name\" content=\"Wir sind Selbst\u00e4ndige und Unternehmer in der Schweiz\" \/>\n<meta property=\"article:publisher\" content=\"https:\/\/www.facebook.com\/independants.et.entrepreneurs.ch\" \/>\n<meta property=\"article:modified_time\" content=\"2020-12-09T13:44:45+00:00\" \/>\n<meta property=\"og:image\" content=\"https:\/\/independants-et-entrepreneurs.ch\/wp-content\/uploads\/2020\/05\/cropped-LogoPhoto_Independants-et-Entrepreneurs.jpg\" \/>\n\t<meta property=\"og:image:width\" content=\"512\" \/>\n\t<meta property=\"og:image:height\" content=\"512\" \/>\n\t<meta property=\"og:image:type\" content=\"image\/jpeg\" \/>\n<meta name=\"twitter:card\" content=\"summary_large_image\" \/>\n<meta name=\"twitter:site\" content=\"@Independant_eCH\" \/>\n<meta name=\"twitter:label1\" content=\"Gesch\u00e4tzte Lesezeit\" \/>\n\t<meta name=\"twitter:data1\" content=\"3\u00a0Minuten\" \/>\n<script type=\"application\/ld+json\" class=\"yoast-schema-graph\">{\"@context\":\"https:\/\/schema.org\",\"@graph\":[{\"@type\":\"WebPage\",\"@id\":\"https:\/\/independants-et-entrepreneurs.ch\/de\/unterstuetzungskomitee\/\",\"url\":\"https:\/\/independants-et-entrepreneurs.ch\/de\/unterstuetzungskomitee\/\",\"name\":\"Unterst\u00fctzungskomitee - Wir sind Selbst\u00e4ndige und Unternehmer in der Schweiz\",\"isPartOf\":{\"@id\":\"https:\/\/independants-et-entrepreneurs.ch\/de\/#website\"},\"datePublished\":\"2020-05-06T20:57:08+00:00\",\"dateModified\":\"2020-12-09T13:44:45+00:00\",\"breadcrumb\":{\"@id\":\"https:\/\/independants-et-entrepreneurs.ch\/de\/unterstuetzungskomitee\/#breadcrumb\"},\"inLanguage\":\"de\",\"potentialAction\":[{\"@type\":\"ReadAction\",\"target\":[\"https:\/\/independants-et-entrepreneurs.ch\/de\/unterstuetzungskomitee\/\"]}]},{\"@type\":\"BreadcrumbList\",\"@id\":\"https:\/\/independants-et-entrepreneurs.ch\/de\/unterstuetzungskomitee\/#breadcrumb\",\"itemListElement\":[{\"@type\":\"ListItem\",\"position\":1,\"name\":\"Accueil\",\"item\":\"https:\/\/independants-et-entrepreneurs.ch\/de\/\"},{\"@type\":\"ListItem\",\"position\":2,\"name\":\"Unterst\u00fctzungskomitee\"}]},{\"@type\":\"WebSite\",\"@id\":\"https:\/\/independants-et-entrepreneurs.ch\/de\/#website\",\"url\":\"https:\/\/independants-et-entrepreneurs.ch\/de\/\",\"name\":\"Wir sind Selbst\u00e4ndige und Unternehmer in der Schweiz\",\"description\":\"une plateforme de communication pour le monde politique, \u00e9conomique, et m\u00e9diatique\",\"publisher\":{\"@id\":\"https:\/\/independants-et-entrepreneurs.ch\/de\/#organization\"},\"inLanguage\":\"de\"},{\"@type\":\"Organization\",\"@id\":\"https:\/\/independants-et-entrepreneurs.ch\/de\/#organization\",\"name\":\"Ind\u00e9pendants et Entrepreneurs en Suisse\",\"url\":\"https:\/\/independants-et-entrepreneurs.ch\/de\/\",\"logo\":{\"@type\":\"ImageObject\",\"inLanguage\":\"de\",\"@id\":\"https:\/\/independants-et-entrepreneurs.ch\/de\/#\/schema\/logo\/image\/\",\"url\":\"https:\/\/i0.wp.com\/independants-et-entrepreneurs.ch\/wp-content\/uploads\/2020\/05\/cropped-LogoPhoto_Independants-et-Entrepreneurs.jpg?fit=512%2C512&ssl=1\",\"contentUrl\":\"https:\/\/i0.wp.com\/independants-et-entrepreneurs.ch\/wp-content\/uploads\/2020\/05\/cropped-LogoPhoto_Independants-et-Entrepreneurs.jpg?fit=512%2C512&ssl=1\",\"width\":512,\"height\":512,\"caption\":\"Ind\u00e9pendants et Entrepreneurs en Suisse\"},\"image\":{\"@id\":\"https:\/\/independants-et-entrepreneurs.ch\/de\/#\/schema\/logo\/image\/\"},\"sameAs\":[\"https:\/\/www.facebook.com\/independants.et.entrepreneurs.ch\",\"https:\/\/x.com\/Independant_eCH\",\"https:\/\/www.instagram.com\/independants_et_entrepreneurs\",\"https:\/\/www.linkedin.com\/company\/independants-et-entrepreneurs-ch\",\"https:\/\/www.youtube.com\/channel\/UCkegkScKycSq81wtnbaZHEA\"]}]}<\/script>\n<!-- \/ Yoast SEO plugin. -->","yoast_head_json":{"title":"Unterst\u00fctzungskomitee - Wir sind Selbst\u00e4ndige und Unternehmer in der Schweiz","robots":{"index":"index","follow":"follow","max-snippet":"max-snippet:-1","max-image-preview":"max-image-preview:large","max-video-preview":"max-video-preview:-1"},"canonical":"https:\/\/independants-et-entrepreneurs.ch\/de\/unterstuetzungskomitee\/","og_locale":"de_DE","og_type":"article","og_title":"Unterst\u00fctzungskomitee - Wir sind Selbst\u00e4ndige und Unternehmer in der Schweiz","og_description":"Unterst\u00fctzungskomitee Seit dem 10. April 2020 hat das Kollektiv gemeinsame Aktionen rund um die symbolische Initiative \u00ab &lt;a href=\"\/initiative\"&gt;\u00c9tendre les aides aux ind\u00e9pendant-e-s et relever le plafond pour les PME !&lt;\/a&gt; \u00bb unterst\u00fctzt von &lt;a href=\"https:\/\/independants-et-entrepreneurs.ch\/de\/unterstuetzungskomitee\/\"&gt;Organisationen und politische Pers\u00f6nlichkeiten&lt;\/a&gt; durch die F\u00f6deration mit dem &lt;a href=\"https:\/\/www.ge.ch\/dossier\/developpement-economique-recherche-innovation\"&gt;Abteilung f\u00fcr wirtschaftliche Entwicklung (DDE)&lt;\/a&gt; des Kantons Genf, &lt;a href=\"\/sophie_dupont_linkedin\"&gt;Sophie [&hellip;]","og_url":"https:\/\/independants-et-entrepreneurs.ch\/de\/unterstuetzungskomitee\/","og_site_name":"Wir sind Selbst\u00e4ndige und Unternehmer in der Schweiz","article_publisher":"https:\/\/www.facebook.com\/independants.et.entrepreneurs.ch","article_modified_time":"2020-12-09T13:44:45+00:00","og_image":[{"width":512,"height":512,"url":"https:\/\/independants-et-entrepreneurs.ch\/wp-content\/uploads\/2020\/05\/cropped-LogoPhoto_Independants-et-Entrepreneurs.jpg","type":"image\/jpeg"}],"twitter_card":"summary_large_image","twitter_site":"@Independant_eCH","twitter_misc":{"Gesch\u00e4tzte Lesezeit":"3\u00a0Minuten"},"schema":{"@context":"https:\/\/schema.org","@graph":[{"@type":"WebPage","@id":"https:\/\/independants-et-entrepreneurs.ch\/de\/unterstuetzungskomitee\/","url":"https:\/\/independants-et-entrepreneurs.ch\/de\/unterstuetzungskomitee\/","name":"Unterst\u00fctzungskomitee - Wir sind Selbst\u00e4ndige und Unternehmer in der Schweiz","isPartOf":{"@id":"https:\/\/independants-et-entrepreneurs.ch\/de\/#website"},"datePublished":"2020-05-06T20:57:08+00:00","dateModified":"2020-12-09T13:44:45+00:00","breadcrumb":{"@id":"https:\/\/independants-et-entrepreneurs.ch\/de\/unterstuetzungskomitee\/#breadcrumb"},"inLanguage":"de","potentialAction":[{"@type":"ReadAction","target":["https:\/\/independants-et-entrepreneurs.ch\/de\/unterstuetzungskomitee\/"]}]},{"@type":"BreadcrumbList","@id":"https:\/\/independants-et-entrepreneurs.ch\/de\/unterstuetzungskomitee\/#breadcrumb","itemListElement":[{"@type":"ListItem","position":1,"name":"Accueil","item":"https:\/\/independants-et-entrepreneurs.ch\/de\/"},{"@type":"ListItem","position":2,"name":"Unterst\u00fctzungskomitee"}]},{"@type":"WebSite","@id":"https:\/\/independants-et-entrepreneurs.ch\/de\/#website","url":"https:\/\/independants-et-entrepreneurs.ch\/de\/","name":"Wir sind Selbst\u00e4ndige und Unternehmer in der Schweiz","description":"une plateforme de communication pour le monde politique, \u00e9conomique, et m\u00e9diatique","publisher":{"@id":"https:\/\/independants-et-entrepreneurs.ch\/de\/#organization"},"inLanguage":"de"},{"@type":"Organization","@id":"https:\/\/independants-et-entrepreneurs.ch\/de\/#organization","name":"Ind\u00e9pendants et Entrepreneurs en Suisse","url":"https:\/\/independants-et-entrepreneurs.ch\/de\/","logo":{"@type":"ImageObject","inLanguage":"de","@id":"https:\/\/independants-et-entrepreneurs.ch\/de\/#\/schema\/logo\/image\/","url":"https:\/\/i0.wp.com\/independants-et-entrepreneurs.ch\/wp-content\/uploads\/2020\/05\/cropped-LogoPhoto_Independants-et-Entrepreneurs.jpg?fit=512%2C512&ssl=1","contentUrl":"https:\/\/i0.wp.com\/independants-et-entrepreneurs.ch\/wp-content\/uploads\/2020\/05\/cropped-LogoPhoto_Independants-et-Entrepreneurs.jpg?fit=512%2C512&ssl=1","width":512,"height":512,"caption":"Ind\u00e9pendants et Entrepreneurs en Suisse"},"image":{"@id":"https:\/\/independants-et-entrepreneurs.ch\/de\/#\/schema\/logo\/image\/"},"sameAs":["https:\/\/www.facebook.com\/independants.et.entrepreneurs.ch","https:\/\/x.com\/Independant_eCH","https:\/\/www.instagram.com\/independants_et_entrepreneurs","https:\/\/www.linkedin.com\/company\/independants-et-entrepreneurs-ch","https:\/\/www.youtube.com\/channel\/UCkegkScKycSq81wtnbaZHEA"]}]}},"jetpack_sharing_enabled":true,"jetpack_likes_enabled":true,"_links":{"self":[{"href":"https:\/\/independants-et-entrepreneurs.ch\/de\/wp-json\/wp\/v2\/pages\/1377","targetHints":{"allow":["GET"]}}],"collection":[{"href":"https:\/\/independants-et-entrepreneurs.ch\/de\/wp-json\/wp\/v2\/pages"}],"about":[{"href":"https:\/\/independants-et-entrepreneurs.ch\/de\/wp-json\/wp\/v2\/types\/page"}],"author":[{"embeddable":true,"href":"https:\/\/independants-et-entrepreneurs.ch\/de\/wp-json\/wp\/v2\/users\/1"}],"replies":[{"embeddable":true,"href":"https:\/\/independants-et-entrepreneurs.ch\/de\/wp-json\/wp\/v2\/comments?post=1377"}],"version-history":[{"count":3,"href":"https:\/\/independants-et-entrepreneurs.ch\/de\/wp-json\/wp\/v2\/pages\/1377\/revisions"}],"predecessor-version":[{"id":1581,"href":"https:\/\/independants-et-entrepreneurs.ch\/de\/wp-json\/wp\/v2\/pages\/1377\/revisions\/1581"}],"wp:attachment":[{"href":"https:\/\/independants-et-entrepreneurs.ch\/de\/wp-json\/wp\/v2\/media?parent=1377"}],"wp:term":[{"taxonomy":"category","embeddable":true,"href":"https:\/\/independants-et-entrepreneurs.ch\/de\/wp-json\/wp\/v2\/categories?post=1377"},{"taxonomy":"post_tag","embeddable":true,"href":"https:\/\/independants-et-entrepreneurs.ch\/de\/wp-json\/wp\/v2\/tags?post=1377"}],"curies":[{"name":"wp","href":"https:\/\/api.w.org\/{rel}","templated":true}]}}