{"id":360,"date":"2020-04-25T18:48:41","date_gmt":"2020-04-25T16:48:41","guid":{"rendered":"https:\/\/independants-et-entrepreneurs.ch\/charta\/"},"modified":"2020-06-15T22:32:12","modified_gmt":"2020-06-15T20:32:12","slug":"charta","status":"publish","type":"page","link":"https:\/\/independants-et-entrepreneurs.ch\/de\/charta\/","title":{"rendered":"Charta"},"content":{"rendered":"\t\t<div data-elementor-type=\"wp-page\" data-elementor-id=\"360\" class=\"elementor elementor-360 elementor-348\" data-elementor-post-type=\"page\">\n\t\t\t\t\t\t<section class=\"elementor-section elementor-top-section elementor-element elementor-element-08b5a09 elementor-section-boxed elementor-section-height-default elementor-section-height-default\" data-id=\"08b5a09\" data-element_type=\"section\" data-e-type=\"section\">\n\t\t\t\t\t\t<div class=\"elementor-container elementor-column-gap-default\">\n\t\t\t\t\t<div class=\"elementor-column elementor-col-100 elementor-top-column elementor-element elementor-element-c29dc6d\" data-id=\"c29dc6d\" data-element_type=\"column\" data-e-type=\"column\">\n\t\t\t<div class=\"elementor-widget-wrap elementor-element-populated\">\n\t\t\t\t\t\t<div class=\"elementor-element elementor-element-3ca661e elementor-widget elementor-widget-heading\" data-id=\"3ca661e\" data-element_type=\"widget\" data-e-type=\"widget\" data-widget_type=\"heading.default\">\n\t\t\t\t<div class=\"elementor-widget-container\">\n\t\t\t\t\t<h2 class=\"elementor-heading-title elementor-size-default\">Facebook Group Charta \u00ab Selbstst\u00e4ndige und Unternehmer Schweiz \u00bb<\/h2>\t\t\t\t<\/div>\n\t\t\t\t<\/div>\n\t\t\t\t\t<\/div>\n\t\t<\/div>\n\t\t\t\t\t<\/div>\n\t\t<\/section>\n\t\t\t\t<section class=\"elementor-section elementor-top-section elementor-element elementor-element-aff7e98 elementor-section-boxed elementor-section-height-default elementor-section-height-default\" data-id=\"aff7e98\" data-element_type=\"section\" data-e-type=\"section\">\n\t\t\t\t\t\t<div class=\"elementor-container elementor-column-gap-default\">\n\t\t\t\t\t<div class=\"elementor-column elementor-col-100 elementor-top-column elementor-element elementor-element-53145f6\" data-id=\"53145f6\" data-element_type=\"column\" data-e-type=\"column\">\n\t\t\t<div class=\"elementor-widget-wrap elementor-element-populated\">\n\t\t\t\t\t\t<div class=\"elementor-element elementor-element-b4d6de9 elementor-widget elementor-widget-text-editor\" data-id=\"b4d6de9\" data-element_type=\"widget\" data-e-type=\"widget\" data-widget_type=\"text-editor.default\">\n\t\t\t\t<div class=\"elementor-widget-container\">\n\t\t\t\t\t\t\t\t\t<p><b>\u00dcber<\/b><\/p>\n<p>Diese Gruppe bringt Selbstst\u00e4ndige und Unternehmer zusammen, die in der Schweiz leben und\/oder arbeiten.<br \/>\nWir sind mehr als 7&#8217;000 Mitglieder der Westschweiz (GE, VD, VS, FR, NE, JU) sowie einiger Kantone in der Schweiz Aleman (BE, ZH, &#8230;) und diese Zahl steigt jeden Tag.<br \/>\nDie Gruppe wurde am 15. M\u00e4rz 2020 mitten in der Coronavirus-Krise von C\u00e9cile Colin gegr\u00fcndet.<br \/>\nClaude Christophi und Jean-Paul Vulliemin verwalten die Gruppe zusammen mit C\u00e9cile Colin.<br \/>\nDerzeit werden sie von einem 12 Moderationsteam unterst\u00fctzt.<\/p>\n<p><b>01 Ziele<\/b><\/p>\n<ul>\n<li>Eine Austausch- und Informationsplattform f\u00fcr Selbst\u00e4ndige und Unternehmer zu sein.<\/li>\n<li>Ein Partner f\u00fcr die politischen und sozio\u00f6konomischen Gemeinschaften zu sein.<\/li>\n<li>um einen besseren langfristigen sozialen Schutz f\u00fcr Selbst\u00e4ndige und Unternehmer wie Arbeitslosigkeit, Arbeitszeitverk\u00fcrzung (RHT), APG zu erhalten<\/li>\n<\/ul>\n<p><b>02 Themen<\/b><\/p>\n<ul>\n<li>Informationen und L\u00f6sungen unter Ber\u00fccksichtigung der eidgen\u00f6ssischen Vorschriften und der kantonalen Besonderheiten auszutauschen, die gegenseitige Hilfe und Unterst\u00fctzung zu f\u00f6rdern, eine Quelle der Nachahmung zu sein, allen die M\u00f6glichkeit zu geben, sich in einem wohlwollenden Umfeld auszudr\u00fccken.<\/li>\n<\/ul>\n<p><b>03 Werte<\/b><\/p>\n<ul>\n<li>Wohlwollen, Authentizit\u00e4t, Teilen, Hilfe, Support, Zuh\u00f6ren, Gegenseitiger Respekt.<\/li>\n<\/ul>\n<p><b>04 Werbung\/Werbung ist in der Gruppe nicht erlaubt<\/b><\/p>\n<ul>\n<li>Diese Gruppe fungiert nicht als Werbetafel. Ver\u00f6ffentlichungen m\u00fcssen dem Kollektiv einen Mehrwert verleihen, entweder durch Antworten\/Beratung oder durch klare und relevante Fragen.<\/li>\n<li>Gruppenmitglieder sind nicht Ihre Kunden.<\/li>\n<li>Vermeiden Sie auch, die Community zu verwenden, um Aktivit\u00e4ten zu organisieren.<\/li>\n<li>Kontakte sind nur durch Private Message (MP Messenger) erlaubt, der Austausch von E-Mail-Adresse und\/oder Telefonnummer ist weder in einem Beitrag noch in einem Kommentar erlaubt.<\/li>\n<li>Diese Austausche k\u00f6nnen ohne Vorwarnung gel\u00f6scht werden.<br \/>\nGrunds\u00e4tzlich bevorzugen wir, dass es die pers\u00f6nlichen Profile sind, die sich ausdr\u00fccken.<\/li>\n<\/ul>\n<p><b>05 Mitgliederpr\u00e4sentation \/ Frage zu notwendigen Produkten<\/b><\/p>\n<ul>\n<li>Das Moderationsteam kann Publikationen initiieren, die f\u00fcr Kommentare offen sind.\n<ul>\n<li>Um ein bestimmtes Thema wie Schutzmaske, hydroalkoholisches Gel, &#8230;<\/li>\n<li>Sich vorzustellen und sich kennenzulernen<\/li>\n<\/ul>\n<\/li>\n<li>In Kommentar jeder, der will, wird in der Lage sein, sich mit seinen Besonderheiten, seinem Mehrwert zu pr\u00e4sentieren und einen Link zu seiner Facebook-Seite oder seiner Website zu setzen.<\/li>\n<li>Ein Page Pro kann sich auch ausdr\u00fccken, wenn er \u00fcber seine spezifische Situation und\/oder seine Bed\u00fcrfnisse sprechen soll, um das Kollektiv um Hilfe zu bitten.<\/li>\n<\/ul>\n<p><b>06 Kommentare m\u00fcssen positiv, konstruktiv, mit Mehrwert, objektiv oder sachlich sein<\/b><\/p>\n<ul>\n<li>Negative und\/oder beleidigende Kommentare werden gel\u00f6scht.<\/li>\n<li>Alle doppelten Kommentare werden gel\u00f6scht, wenn wir sie sehen.<\/li>\n<li>Alle Kommentare, die von einer Person auf mehreren Beitr\u00e4gen wiederholt werden, sei es in Form einer Kopie\/Einf\u00fcgeschrift oder eines Wunsches nach Sichtbarkeit, werden als Spam betrachtet.<\/li>\n<\/ul>\n<p>Sie k\u00f6nnen nicht mit allen (noch gl\u00fccklich!) einverstanden sein und Sie haben das Recht, Ihre Meinung zu \u00e4u\u00dfern. Aber immer mit Wohlwollen und durch konstruktive Kommentare.<\/p>\n<p><b>Eine Publikation wird genehmigt, wenn sie den folgenden Regeln folgt:<\/b><\/p>\n<p><b>07<\/b> Die Ver\u00f6ffentlichung ist positiv, informativ oder konstruktiv und respektiert die Themen und Werte der Gruppe.<\/p>\n<ul>\n<li>Negative und\/oder beleidigende und\/oder kontroverse Ver\u00f6ffentlichungen werden nicht genehmigt.<\/li>\n<li>Wir behalten uns das Recht vor, einen Beitrag im Nachhinein zu l\u00f6schen, wenn wir eine Drift in den Kommentaren sehen,<\/li>\n<\/ul>\n<p><b>08<\/b> Ver\u00f6ffentlichung ist ein Austausch von Informationen, ein Link zu einer informativen Seite einer Website, eine Bitte um Hilfe, eine Umfrage, eine Frage.<\/p>\n<p><b>09<\/b> Die Ver\u00f6ffentlichung dupliziert keine vorhandene Publikation.<\/p>\n<ul>\n<li>Wir behalten uns das Recht vor, die Doppelpost oder Ver\u00f6ffentlichungen (gleicher Presseartikel, gleicher Inhalt) im Nachhinein zu l\u00f6schen.<\/li>\n<\/ul>\n<p><b>10<\/b> Wir bitten sie, Ihre Beitr\u00e4ge mit Hashtags zu starten<\/p>\n<ul>\n<li>(kantonal und thema\/d\/#geneve, Schl\u00fcsselw\u00f6rter wie #geneve #apg oder #suisse oder #vaud #rht), die es ihm erm\u00f6glichen, ein Thema (Thema\/Rubrik) zuzuweisen, damit sie gefunden werden k\u00f6nnen.<\/li>\n<\/ul>\n<p><b>11 Sei freundlich und h\u00f6flich<\/b><\/p>\n<ul>\n<li>Die Schaffung eines respektvollen, professionellen Umfelds ist unsere Verantwortung f\u00fcr uns alle.<\/li>\n<li>Lassen Sie uns jeden mit Respekt behandeln. Es ist normal, konstruktive Debatten zu f\u00fchren, aber es ist wichtig, freundlich zu bleiben.<\/li>\n<\/ul>\n<p><b>12 Keine Aufstachelung zum Hass, keine Bel\u00e4stigung<\/b><\/p>\n<ul>\n<li>Damit sich alle sicher f\u00fchlen.<\/li>\n<li>Bel\u00e4stigung in all ihren Formen ist verboten und erniedrigende Kommentare werden nicht toleriert.<\/li>\n<\/ul>\n<p><b>13<\/b> In diesen Zeiten der Coronavirus-Gesundheitskrise.<\/p>\n<ul>\n<li>Wir weisen Sie darauf hin, dass wir Sie bitten, die Regeln des Bundesamtes f\u00fcr Gesundheit (OFSP) <a href=\"https:\/\/ofsp-coronavirus.ch\/\">ofsp-coronavirus.ch<\/a> zum Schutz der Bev\u00f6lkerung einzuhalten.<\/li>\n<\/ul>\n<p>Die Nichteinhaltung dieser Regeln wird nicht toleriert und f\u00fchrt zum Ausschluss.<\/p>\n<p><strong>Die Antwort auf Zulassungsfragen zu den Regeln der Gruppe ist Voraussetzung f\u00fcr die Zulassung als Mitglied der Gruppe.<\/strong><\/p>\n<p>Unbeantwortete Mitgliedschaftsanfragen werden nicht \u00fcberpr\u00fcft.<br \/>\nNicht \u00fcberpr\u00fcfbares Profil &#8211; abgelehnt<br \/>\nGruppenregeln verletzt &#8211; Ausschluss<\/p>\n<p>ZULASSUNGSFRAGEN<\/p>\n<ol>\n<li>Sie haben ihren Wohnsitz in der Schweiz? In welchem Kanton?<\/li>\n<li>Sind Sie selbstst\u00e4ndig und\/oder Unternehmer oder Angestellter? In welchem Bereich?<\/li>\n<li>Verpflichten Sie sich, die Verantwortung f\u00fcr alle Ihre Publikationen (Inhalte, Antworten usw.) zu \u00fcbernehmen, einschlie\u00dflich geistigem Eigentum, Bildrechten und allen anwendbaren Gesetzen?<\/li>\n<\/ol>\n<p>Letzte Bewertung: 20.04.2020<\/p>\n\t\t\t\t\t\t\t\t<\/div>\n\t\t\t\t<\/div>\n\t\t\t\t\t<\/div>\n\t\t<\/div>\n\t\t\t\t\t<\/div>\n\t\t<\/section>\n\t\t\t\t<\/div>\n\t\t","protected":false},"excerpt":{"rendered":"<p>Facebook Group Charta \u00ab Selbstst\u00e4ndige und Unternehmer Schweiz \u00bb &lt;b&gt;\u00dcber&lt;\/b&gt; Diese Gruppe bringt Selbstst\u00e4ndige und Unternehmer zusammen, die in der Schweiz leben und\/oder arbeiten. Wir sind mehr als 7&#8217;000 Mitglieder der Westschweiz (GE, VD, VS, FR, NE, JU) sowie einiger Kantone in der Schweiz Aleman (BE, ZH, &#8230;) und diese Zahl steigt jeden Tag. Die [&hellip;]<\/p>\n","protected":false},"author":1,"featured_media":0,"parent":0,"menu_order":0,"comment_status":"closed","ping_status":"closed","template":"elementor_header_footer","meta":{"footnotes":""},"categories":[43],"tags":[],"class_list":["post-360","page","type-page","status-publish","hentry","category-offentliche-zone"],"yoast_head":"<!-- This site is optimized with the Yoast SEO plugin v26.8 - https:\/\/yoast.com\/product\/yoast-seo-wordpress\/ -->\n<title>Charta - Wir sind Selbst\u00e4ndige und Unternehmer in der Schweiz<\/title>\n<meta name=\"robots\" content=\"index, follow, max-snippet:-1, max-image-preview:large, max-video-preview:-1\" \/>\n<link rel=\"canonical\" href=\"https:\/\/independants-et-entrepreneurs.ch\/de\/charta\/\" \/>\n<meta property=\"og:locale\" content=\"de_DE\" \/>\n<meta property=\"og:type\" content=\"article\" \/>\n<meta property=\"og:title\" content=\"Charta - Wir sind Selbst\u00e4ndige und Unternehmer in der Schweiz\" \/>\n<meta property=\"og:description\" content=\"Facebook Group Charta \u00ab Selbstst\u00e4ndige und Unternehmer Schweiz \u00bb &lt;b&gt;\u00dcber&lt;\/b&gt; Diese Gruppe bringt Selbstst\u00e4ndige und Unternehmer zusammen, die in der Schweiz leben und\/oder arbeiten. Wir sind mehr als 7&#8217;000 Mitglieder der Westschweiz (GE, VD, VS, FR, NE, JU) sowie einiger Kantone in der Schweiz Aleman (BE, ZH, &#8230;) und diese Zahl steigt jeden Tag. Die [&hellip;]\" \/>\n<meta property=\"og:url\" content=\"https:\/\/independants-et-entrepreneurs.ch\/de\/charta\/\" \/>\n<meta property=\"og:site_name\" content=\"Wir sind Selbst\u00e4ndige und Unternehmer in der Schweiz\" \/>\n<meta property=\"article:publisher\" content=\"https:\/\/www.facebook.com\/independants.et.entrepreneurs.ch\" \/>\n<meta property=\"article:modified_time\" content=\"2020-06-15T20:32:12+00:00\" \/>\n<meta property=\"og:image\" content=\"https:\/\/independants-et-entrepreneurs.ch\/wp-content\/uploads\/2020\/05\/cropped-LogoPhoto_Independants-et-Entrepreneurs.jpg\" \/>\n\t<meta property=\"og:image:width\" content=\"512\" \/>\n\t<meta property=\"og:image:height\" content=\"512\" \/>\n\t<meta property=\"og:image:type\" content=\"image\/jpeg\" \/>\n<meta name=\"twitter:card\" content=\"summary_large_image\" \/>\n<meta name=\"twitter:site\" content=\"@Independant_eCH\" \/>\n<meta name=\"twitter:label1\" content=\"Gesch\u00e4tzte Lesezeit\" \/>\n\t<meta name=\"twitter:data1\" content=\"4\u00a0Minuten\" \/>\n<script type=\"application\/ld+json\" class=\"yoast-schema-graph\">{\"@context\":\"https:\/\/schema.org\",\"@graph\":[{\"@type\":\"WebPage\",\"@id\":\"https:\/\/independants-et-entrepreneurs.ch\/de\/charta\/\",\"url\":\"https:\/\/independants-et-entrepreneurs.ch\/de\/charta\/\",\"name\":\"Charta - Wir sind Selbst\u00e4ndige und Unternehmer in der Schweiz\",\"isPartOf\":{\"@id\":\"https:\/\/independants-et-entrepreneurs.ch\/de\/#website\"},\"datePublished\":\"2020-04-25T16:48:41+00:00\",\"dateModified\":\"2020-06-15T20:32:12+00:00\",\"breadcrumb\":{\"@id\":\"https:\/\/independants-et-entrepreneurs.ch\/de\/charta\/#breadcrumb\"},\"inLanguage\":\"de\",\"potentialAction\":[{\"@type\":\"ReadAction\",\"target\":[\"https:\/\/independants-et-entrepreneurs.ch\/de\/charta\/\"]}]},{\"@type\":\"BreadcrumbList\",\"@id\":\"https:\/\/independants-et-entrepreneurs.ch\/de\/charta\/#breadcrumb\",\"itemListElement\":[{\"@type\":\"ListItem\",\"position\":1,\"name\":\"Accueil\",\"item\":\"https:\/\/independants-et-entrepreneurs.ch\/de\/\"},{\"@type\":\"ListItem\",\"position\":2,\"name\":\"Charta\"}]},{\"@type\":\"WebSite\",\"@id\":\"https:\/\/independants-et-entrepreneurs.ch\/de\/#website\",\"url\":\"https:\/\/independants-et-entrepreneurs.ch\/de\/\",\"name\":\"Wir sind Selbst\u00e4ndige und Unternehmer in der Schweiz\",\"description\":\"une plateforme de communication pour le monde politique, \u00e9conomique, et m\u00e9diatique\",\"publisher\":{\"@id\":\"https:\/\/independants-et-entrepreneurs.ch\/de\/#organization\"},\"inLanguage\":\"de\"},{\"@type\":\"Organization\",\"@id\":\"https:\/\/independants-et-entrepreneurs.ch\/de\/#organization\",\"name\":\"Ind\u00e9pendants et Entrepreneurs en Suisse\",\"url\":\"https:\/\/independants-et-entrepreneurs.ch\/de\/\",\"logo\":{\"@type\":\"ImageObject\",\"inLanguage\":\"de\",\"@id\":\"https:\/\/independants-et-entrepreneurs.ch\/de\/#\/schema\/logo\/image\/\",\"url\":\"https:\/\/i0.wp.com\/independants-et-entrepreneurs.ch\/wp-content\/uploads\/2020\/05\/cropped-LogoPhoto_Independants-et-Entrepreneurs.jpg?fit=512%2C512&ssl=1\",\"contentUrl\":\"https:\/\/i0.wp.com\/independants-et-entrepreneurs.ch\/wp-content\/uploads\/2020\/05\/cropped-LogoPhoto_Independants-et-Entrepreneurs.jpg?fit=512%2C512&ssl=1\",\"width\":512,\"height\":512,\"caption\":\"Ind\u00e9pendants et Entrepreneurs en Suisse\"},\"image\":{\"@id\":\"https:\/\/independants-et-entrepreneurs.ch\/de\/#\/schema\/logo\/image\/\"},\"sameAs\":[\"https:\/\/www.facebook.com\/independants.et.entrepreneurs.ch\",\"https:\/\/x.com\/Independant_eCH\",\"https:\/\/www.instagram.com\/independants_et_entrepreneurs\",\"https:\/\/www.linkedin.com\/company\/independants-et-entrepreneurs-ch\",\"https:\/\/www.youtube.com\/channel\/UCkegkScKycSq81wtnbaZHEA\"]}]}<\/script>\n<!-- \/ Yoast SEO plugin. -->","yoast_head_json":{"title":"Charta - Wir sind Selbst\u00e4ndige und Unternehmer in der Schweiz","robots":{"index":"index","follow":"follow","max-snippet":"max-snippet:-1","max-image-preview":"max-image-preview:large","max-video-preview":"max-video-preview:-1"},"canonical":"https:\/\/independants-et-entrepreneurs.ch\/de\/charta\/","og_locale":"de_DE","og_type":"article","og_title":"Charta - Wir sind Selbst\u00e4ndige und Unternehmer in der Schweiz","og_description":"Facebook Group Charta \u00ab Selbstst\u00e4ndige und Unternehmer Schweiz \u00bb &lt;b&gt;\u00dcber&lt;\/b&gt; Diese Gruppe bringt Selbstst\u00e4ndige und Unternehmer zusammen, die in der Schweiz leben und\/oder arbeiten. Wir sind mehr als 7&#8217;000 Mitglieder der Westschweiz (GE, VD, VS, FR, NE, JU) sowie einiger Kantone in der Schweiz Aleman (BE, ZH, &#8230;) und diese Zahl steigt jeden Tag. Die [&hellip;]","og_url":"https:\/\/independants-et-entrepreneurs.ch\/de\/charta\/","og_site_name":"Wir sind Selbst\u00e4ndige und Unternehmer in der Schweiz","article_publisher":"https:\/\/www.facebook.com\/independants.et.entrepreneurs.ch","article_modified_time":"2020-06-15T20:32:12+00:00","og_image":[{"width":512,"height":512,"url":"https:\/\/independants-et-entrepreneurs.ch\/wp-content\/uploads\/2020\/05\/cropped-LogoPhoto_Independants-et-Entrepreneurs.jpg","type":"image\/jpeg"}],"twitter_card":"summary_large_image","twitter_site":"@Independant_eCH","twitter_misc":{"Gesch\u00e4tzte Lesezeit":"4\u00a0Minuten"},"schema":{"@context":"https:\/\/schema.org","@graph":[{"@type":"WebPage","@id":"https:\/\/independants-et-entrepreneurs.ch\/de\/charta\/","url":"https:\/\/independants-et-entrepreneurs.ch\/de\/charta\/","name":"Charta - Wir sind Selbst\u00e4ndige und Unternehmer in der Schweiz","isPartOf":{"@id":"https:\/\/independants-et-entrepreneurs.ch\/de\/#website"},"datePublished":"2020-04-25T16:48:41+00:00","dateModified":"2020-06-15T20:32:12+00:00","breadcrumb":{"@id":"https:\/\/independants-et-entrepreneurs.ch\/de\/charta\/#breadcrumb"},"inLanguage":"de","potentialAction":[{"@type":"ReadAction","target":["https:\/\/independants-et-entrepreneurs.ch\/de\/charta\/"]}]},{"@type":"BreadcrumbList","@id":"https:\/\/independants-et-entrepreneurs.ch\/de\/charta\/#breadcrumb","itemListElement":[{"@type":"ListItem","position":1,"name":"Accueil","item":"https:\/\/independants-et-entrepreneurs.ch\/de\/"},{"@type":"ListItem","position":2,"name":"Charta"}]},{"@type":"WebSite","@id":"https:\/\/independants-et-entrepreneurs.ch\/de\/#website","url":"https:\/\/independants-et-entrepreneurs.ch\/de\/","name":"Wir sind Selbst\u00e4ndige und Unternehmer in der Schweiz","description":"une plateforme de communication pour le monde politique, \u00e9conomique, et m\u00e9diatique","publisher":{"@id":"https:\/\/independants-et-entrepreneurs.ch\/de\/#organization"},"inLanguage":"de"},{"@type":"Organization","@id":"https:\/\/independants-et-entrepreneurs.ch\/de\/#organization","name":"Ind\u00e9pendants et Entrepreneurs en Suisse","url":"https:\/\/independants-et-entrepreneurs.ch\/de\/","logo":{"@type":"ImageObject","inLanguage":"de","@id":"https:\/\/independants-et-entrepreneurs.ch\/de\/#\/schema\/logo\/image\/","url":"https:\/\/i0.wp.com\/independants-et-entrepreneurs.ch\/wp-content\/uploads\/2020\/05\/cropped-LogoPhoto_Independants-et-Entrepreneurs.jpg?fit=512%2C512&ssl=1","contentUrl":"https:\/\/i0.wp.com\/independants-et-entrepreneurs.ch\/wp-content\/uploads\/2020\/05\/cropped-LogoPhoto_Independants-et-Entrepreneurs.jpg?fit=512%2C512&ssl=1","width":512,"height":512,"caption":"Ind\u00e9pendants et Entrepreneurs en Suisse"},"image":{"@id":"https:\/\/independants-et-entrepreneurs.ch\/de\/#\/schema\/logo\/image\/"},"sameAs":["https:\/\/www.facebook.com\/independants.et.entrepreneurs.ch","https:\/\/x.com\/Independant_eCH","https:\/\/www.instagram.com\/independants_et_entrepreneurs","https:\/\/www.linkedin.com\/company\/independants-et-entrepreneurs-ch","https:\/\/www.youtube.com\/channel\/UCkegkScKycSq81wtnbaZHEA"]}]}},"jetpack_sharing_enabled":true,"jetpack_likes_enabled":true,"_links":{"self":[{"href":"https:\/\/independants-et-entrepreneurs.ch\/de\/wp-json\/wp\/v2\/pages\/360","targetHints":{"allow":["GET"]}}],"collection":[{"href":"https:\/\/independants-et-entrepreneurs.ch\/de\/wp-json\/wp\/v2\/pages"}],"about":[{"href":"https:\/\/independants-et-entrepreneurs.ch\/de\/wp-json\/wp\/v2\/types\/page"}],"author":[{"embeddable":true,"href":"https:\/\/independants-et-entrepreneurs.ch\/de\/wp-json\/wp\/v2\/users\/1"}],"replies":[{"embeddable":true,"href":"https:\/\/independants-et-entrepreneurs.ch\/de\/wp-json\/wp\/v2\/comments?post=360"}],"version-history":[{"count":5,"href":"https:\/\/independants-et-entrepreneurs.ch\/de\/wp-json\/wp\/v2\/pages\/360\/revisions"}],"predecessor-version":[{"id":1477,"href":"https:\/\/independants-et-entrepreneurs.ch\/de\/wp-json\/wp\/v2\/pages\/360\/revisions\/1477"}],"wp:attachment":[{"href":"https:\/\/independants-et-entrepreneurs.ch\/de\/wp-json\/wp\/v2\/media?parent=360"}],"wp:term":[{"taxonomy":"category","embeddable":true,"href":"https:\/\/independants-et-entrepreneurs.ch\/de\/wp-json\/wp\/v2\/categories?post=360"},{"taxonomy":"post_tag","embeddable":true,"href":"https:\/\/independants-et-entrepreneurs.ch\/de\/wp-json\/wp\/v2\/tags?post=360"}],"curies":[{"name":"wp","href":"https:\/\/api.w.org\/{rel}","templated":true}]}}