{"id":366,"date":"2020-04-25T18:53:44","date_gmt":"2020-04-25T16:53:44","guid":{"rendered":"https:\/\/independants-et-entrepreneurs.ch\/unterstuetzung-von-unternehmen\/"},"modified":"2020-05-06T23:00:20","modified_gmt":"2020-05-06T21:00:20","slug":"unterstuetzung-von-unternehmen","status":"publish","type":"page","link":"https:\/\/independants-et-entrepreneurs.ch\/de\/unterstuetzung-von-unternehmen\/","title":{"rendered":"Unterst\u00fctzung von Unternehmen"},"content":{"rendered":"\t\t<div data-elementor-type=\"wp-page\" data-elementor-id=\"366\" class=\"elementor elementor-366 elementor-58\" data-elementor-post-type=\"page\">\n\t\t\t\t\t\t<section class=\"elementor-section elementor-top-section elementor-element elementor-element-12f1026 elementor-section-boxed elementor-section-height-default elementor-section-height-default\" data-id=\"12f1026\" data-element_type=\"section\" data-e-type=\"section\">\n\t\t\t\t\t\t<div class=\"elementor-container elementor-column-gap-default\">\n\t\t\t\t\t<div class=\"elementor-column elementor-col-100 elementor-top-column elementor-element elementor-element-25f8660\" data-id=\"25f8660\" data-element_type=\"column\" data-e-type=\"column\">\n\t\t\t<div class=\"elementor-widget-wrap elementor-element-populated\">\n\t\t\t\t\t\t<div class=\"elementor-element elementor-element-2eb8dd5 elementor-widget elementor-widget-heading\" data-id=\"2eb8dd5\" data-element_type=\"widget\" data-e-type=\"widget\" data-widget_type=\"heading.default\">\n\t\t\t\t<div class=\"elementor-widget-container\">\n\t\t\t\t\t<h2 class=\"elementor-heading-title elementor-size-default\">Unterst\u00fctzung von Kleinunternehmen und Unabh\u00e4ngigen<\/h2>\t\t\t\t<\/div>\n\t\t\t\t<\/div>\n\t\t\t\t<div class=\"elementor-element elementor-element-7860109 elementor-widget elementor-widget-text-editor\" data-id=\"7860109\" data-element_type=\"widget\" data-e-type=\"widget\" data-widget_type=\"text-editor.default\">\n\t\t\t\t<div class=\"elementor-widget-container\">\n\t\t\t\t\t\t\t\t\t<ul>\n<li><a href=\"https:\/\/ensemble19.ch\/\">Ensemble19<\/a> Gemeinsam19 Solidarit\u00e4tsplattform zur Unterst\u00fctzung von H\u00e4ndlern und Unabh\u00e4ngigen<\/li>\n<li><a href=\"http:\/\/www.covid-heros.ch\/\">Covid Heroes<\/a> Solidarity Platform zur Unterst\u00fctzung von Schweizer H\u00e4ndlern und Unabh\u00e4ngigen<\/li>\n<li><a href=\"https:\/\/direqt.qoqa.ch\/fr\">DireQt<\/a> einzigartige Support-Plattform f\u00fcr kleine lokale H\u00e4ndler<\/li>\n<li><a href=\"https:\/\/info.youpaq.com\/\">Youpaq<\/a> Online-Markt mit H\u00e4ndlern in den St\u00e4dten Lausanne, Vevey und Villeneuve<\/li>\n<li><a href=\"https:\/\/www.agrix.ch\/\">Agrix<\/a> Handelsplattform f\u00fcr die Landwirtschaft<\/li>\n<li><a href=\"https:\/\/www.terroir-fribourg.ch\/\">Terroir-Fribourg<\/a> nformationen zu Gesch\u00e4ften, Abholstellen und Lieferungen in Freiburg<\/li>\n<li><a href=\"https:\/\/toutdebons.ch\/\">ToutDeBons.ch<\/a> Unterst\u00fctzung von Unternehmen<\/li>\n<\/ul>\n\t\t\t\t\t\t\t\t<\/div>\n\t\t\t\t<\/div>\n\t\t\t\t\t<\/div>\n\t\t<\/div>\n\t\t\t\t\t<\/div>\n\t\t<\/section>\n\t\t\t\t<\/div>\n\t\t","protected":false},"excerpt":{"rendered":"<p>Unterst\u00fctzung von Kleinunternehmen und Unabh\u00e4ngigen Ensemble19 Gemeinsam19 Solidarit\u00e4tsplattform zur Unterst\u00fctzung von H\u00e4ndlern und Unabh\u00e4ngigen Covid Heroes Solidarity Platform zur Unterst\u00fctzung von Schweizer H\u00e4ndlern und Unabh\u00e4ngigen DireQt einzigartige Support-Plattform f\u00fcr kleine lokale H\u00e4ndler Youpaq Online-Markt mit H\u00e4ndlern in den St\u00e4dten Lausanne, Vevey und Villeneuve Agrix Handelsplattform f\u00fcr die Landwirtschaft Terroir-Fribourg nformationen zu Gesch\u00e4ften, Abholstellen und Lieferungen [&hellip;]<\/p>\n","protected":false},"author":1,"featured_media":0,"parent":0,"menu_order":0,"comment_status":"closed","ping_status":"closed","template":"elementor_header_footer","meta":{"footnotes":""},"categories":[43],"tags":[],"class_list":["post-366","page","type-page","status-publish","hentry","category-offentliche-zone"],"yoast_head":"<!-- This site is optimized with the Yoast SEO plugin v26.8 - https:\/\/yoast.com\/product\/yoast-seo-wordpress\/ -->\n<title>Unterst\u00fctzung von Unternehmen - Wir sind Selbst\u00e4ndige und Unternehmer in der Schweiz<\/title>\n<meta name=\"robots\" content=\"index, follow, max-snippet:-1, max-image-preview:large, max-video-preview:-1\" \/>\n<link rel=\"canonical\" href=\"https:\/\/independants-et-entrepreneurs.ch\/de\/unterstuetzung-von-unternehmen\/\" \/>\n<meta property=\"og:locale\" content=\"de_DE\" \/>\n<meta property=\"og:type\" content=\"article\" \/>\n<meta property=\"og:title\" content=\"Unterst\u00fctzung von Unternehmen - Wir sind Selbst\u00e4ndige und Unternehmer in der Schweiz\" \/>\n<meta property=\"og:description\" content=\"Unterst\u00fctzung von Kleinunternehmen und Unabh\u00e4ngigen Ensemble19 Gemeinsam19 Solidarit\u00e4tsplattform zur Unterst\u00fctzung von H\u00e4ndlern und Unabh\u00e4ngigen Covid Heroes Solidarity Platform zur Unterst\u00fctzung von Schweizer H\u00e4ndlern und Unabh\u00e4ngigen DireQt einzigartige Support-Plattform f\u00fcr kleine lokale H\u00e4ndler Youpaq Online-Markt mit H\u00e4ndlern in den St\u00e4dten Lausanne, Vevey und Villeneuve Agrix Handelsplattform f\u00fcr die Landwirtschaft Terroir-Fribourg nformationen zu Gesch\u00e4ften, Abholstellen und Lieferungen [&hellip;]\" \/>\n<meta property=\"og:url\" content=\"https:\/\/independants-et-entrepreneurs.ch\/de\/unterstuetzung-von-unternehmen\/\" \/>\n<meta property=\"og:site_name\" content=\"Wir sind Selbst\u00e4ndige und Unternehmer in der Schweiz\" \/>\n<meta property=\"article:publisher\" content=\"https:\/\/www.facebook.com\/independants.et.entrepreneurs.ch\" \/>\n<meta property=\"article:modified_time\" content=\"2020-05-06T21:00:20+00:00\" \/>\n<meta property=\"og:image\" content=\"https:\/\/independants-et-entrepreneurs.ch\/wp-content\/uploads\/2020\/05\/cropped-LogoPhoto_Independants-et-Entrepreneurs.jpg\" \/>\n\t<meta property=\"og:image:width\" content=\"512\" \/>\n\t<meta property=\"og:image:height\" content=\"512\" \/>\n\t<meta property=\"og:image:type\" content=\"image\/jpeg\" \/>\n<meta name=\"twitter:card\" content=\"summary_large_image\" \/>\n<meta name=\"twitter:site\" content=\"@Independant_eCH\" \/>\n<script type=\"application\/ld+json\" class=\"yoast-schema-graph\">{\"@context\":\"https:\/\/schema.org\",\"@graph\":[{\"@type\":\"WebPage\",\"@id\":\"https:\/\/independants-et-entrepreneurs.ch\/de\/unterstuetzung-von-unternehmen\/\",\"url\":\"https:\/\/independants-et-entrepreneurs.ch\/de\/unterstuetzung-von-unternehmen\/\",\"name\":\"Unterst\u00fctzung von Unternehmen - Wir sind Selbst\u00e4ndige und Unternehmer in der Schweiz\",\"isPartOf\":{\"@id\":\"https:\/\/independants-et-entrepreneurs.ch\/de\/#website\"},\"datePublished\":\"2020-04-25T16:53:44+00:00\",\"dateModified\":\"2020-05-06T21:00:20+00:00\",\"breadcrumb\":{\"@id\":\"https:\/\/independants-et-entrepreneurs.ch\/de\/unterstuetzung-von-unternehmen\/#breadcrumb\"},\"inLanguage\":\"de\",\"potentialAction\":[{\"@type\":\"ReadAction\",\"target\":[\"https:\/\/independants-et-entrepreneurs.ch\/de\/unterstuetzung-von-unternehmen\/\"]}]},{\"@type\":\"BreadcrumbList\",\"@id\":\"https:\/\/independants-et-entrepreneurs.ch\/de\/unterstuetzung-von-unternehmen\/#breadcrumb\",\"itemListElement\":[{\"@type\":\"ListItem\",\"position\":1,\"name\":\"Accueil\",\"item\":\"https:\/\/independants-et-entrepreneurs.ch\/de\/\"},{\"@type\":\"ListItem\",\"position\":2,\"name\":\"Unterst\u00fctzung von Unternehmen\"}]},{\"@type\":\"WebSite\",\"@id\":\"https:\/\/independants-et-entrepreneurs.ch\/de\/#website\",\"url\":\"https:\/\/independants-et-entrepreneurs.ch\/de\/\",\"name\":\"Wir sind Selbst\u00e4ndige und Unternehmer in der Schweiz\",\"description\":\"une plateforme de communication pour le monde politique, \u00e9conomique, et m\u00e9diatique\",\"publisher\":{\"@id\":\"https:\/\/independants-et-entrepreneurs.ch\/de\/#organization\"},\"inLanguage\":\"de\"},{\"@type\":\"Organization\",\"@id\":\"https:\/\/independants-et-entrepreneurs.ch\/de\/#organization\",\"name\":\"Ind\u00e9pendants et Entrepreneurs en Suisse\",\"url\":\"https:\/\/independants-et-entrepreneurs.ch\/de\/\",\"logo\":{\"@type\":\"ImageObject\",\"inLanguage\":\"de\",\"@id\":\"https:\/\/independants-et-entrepreneurs.ch\/de\/#\/schema\/logo\/image\/\",\"url\":\"https:\/\/i0.wp.com\/independants-et-entrepreneurs.ch\/wp-content\/uploads\/2020\/05\/cropped-LogoPhoto_Independants-et-Entrepreneurs.jpg?fit=512%2C512&ssl=1\",\"contentUrl\":\"https:\/\/i0.wp.com\/independants-et-entrepreneurs.ch\/wp-content\/uploads\/2020\/05\/cropped-LogoPhoto_Independants-et-Entrepreneurs.jpg?fit=512%2C512&ssl=1\",\"width\":512,\"height\":512,\"caption\":\"Ind\u00e9pendants et Entrepreneurs en Suisse\"},\"image\":{\"@id\":\"https:\/\/independants-et-entrepreneurs.ch\/de\/#\/schema\/logo\/image\/\"},\"sameAs\":[\"https:\/\/www.facebook.com\/independants.et.entrepreneurs.ch\",\"https:\/\/x.com\/Independant_eCH\",\"https:\/\/www.instagram.com\/independants_et_entrepreneurs\",\"https:\/\/www.linkedin.com\/company\/independants-et-entrepreneurs-ch\",\"https:\/\/www.youtube.com\/channel\/UCkegkScKycSq81wtnbaZHEA\"]}]}<\/script>\n<!-- \/ Yoast SEO plugin. -->","yoast_head_json":{"title":"Unterst\u00fctzung von Unternehmen - Wir sind Selbst\u00e4ndige und Unternehmer in der Schweiz","robots":{"index":"index","follow":"follow","max-snippet":"max-snippet:-1","max-image-preview":"max-image-preview:large","max-video-preview":"max-video-preview:-1"},"canonical":"https:\/\/independants-et-entrepreneurs.ch\/de\/unterstuetzung-von-unternehmen\/","og_locale":"de_DE","og_type":"article","og_title":"Unterst\u00fctzung von Unternehmen - Wir sind Selbst\u00e4ndige und Unternehmer in der Schweiz","og_description":"Unterst\u00fctzung von Kleinunternehmen und Unabh\u00e4ngigen Ensemble19 Gemeinsam19 Solidarit\u00e4tsplattform zur Unterst\u00fctzung von H\u00e4ndlern und Unabh\u00e4ngigen Covid Heroes Solidarity Platform zur Unterst\u00fctzung von Schweizer H\u00e4ndlern und Unabh\u00e4ngigen DireQt einzigartige Support-Plattform f\u00fcr kleine lokale H\u00e4ndler Youpaq Online-Markt mit H\u00e4ndlern in den St\u00e4dten Lausanne, Vevey und Villeneuve Agrix Handelsplattform f\u00fcr die Landwirtschaft Terroir-Fribourg nformationen zu Gesch\u00e4ften, Abholstellen und Lieferungen [&hellip;]","og_url":"https:\/\/independants-et-entrepreneurs.ch\/de\/unterstuetzung-von-unternehmen\/","og_site_name":"Wir sind Selbst\u00e4ndige und Unternehmer in der Schweiz","article_publisher":"https:\/\/www.facebook.com\/independants.et.entrepreneurs.ch","article_modified_time":"2020-05-06T21:00:20+00:00","og_image":[{"width":512,"height":512,"url":"https:\/\/independants-et-entrepreneurs.ch\/wp-content\/uploads\/2020\/05\/cropped-LogoPhoto_Independants-et-Entrepreneurs.jpg","type":"image\/jpeg"}],"twitter_card":"summary_large_image","twitter_site":"@Independant_eCH","schema":{"@context":"https:\/\/schema.org","@graph":[{"@type":"WebPage","@id":"https:\/\/independants-et-entrepreneurs.ch\/de\/unterstuetzung-von-unternehmen\/","url":"https:\/\/independants-et-entrepreneurs.ch\/de\/unterstuetzung-von-unternehmen\/","name":"Unterst\u00fctzung von Unternehmen - Wir sind Selbst\u00e4ndige und Unternehmer in der Schweiz","isPartOf":{"@id":"https:\/\/independants-et-entrepreneurs.ch\/de\/#website"},"datePublished":"2020-04-25T16:53:44+00:00","dateModified":"2020-05-06T21:00:20+00:00","breadcrumb":{"@id":"https:\/\/independants-et-entrepreneurs.ch\/de\/unterstuetzung-von-unternehmen\/#breadcrumb"},"inLanguage":"de","potentialAction":[{"@type":"ReadAction","target":["https:\/\/independants-et-entrepreneurs.ch\/de\/unterstuetzung-von-unternehmen\/"]}]},{"@type":"BreadcrumbList","@id":"https:\/\/independants-et-entrepreneurs.ch\/de\/unterstuetzung-von-unternehmen\/#breadcrumb","itemListElement":[{"@type":"ListItem","position":1,"name":"Accueil","item":"https:\/\/independants-et-entrepreneurs.ch\/de\/"},{"@type":"ListItem","position":2,"name":"Unterst\u00fctzung von Unternehmen"}]},{"@type":"WebSite","@id":"https:\/\/independants-et-entrepreneurs.ch\/de\/#website","url":"https:\/\/independants-et-entrepreneurs.ch\/de\/","name":"Wir sind Selbst\u00e4ndige und Unternehmer in der Schweiz","description":"une plateforme de communication pour le monde politique, \u00e9conomique, et m\u00e9diatique","publisher":{"@id":"https:\/\/independants-et-entrepreneurs.ch\/de\/#organization"},"inLanguage":"de"},{"@type":"Organization","@id":"https:\/\/independants-et-entrepreneurs.ch\/de\/#organization","name":"Ind\u00e9pendants et Entrepreneurs en Suisse","url":"https:\/\/independants-et-entrepreneurs.ch\/de\/","logo":{"@type":"ImageObject","inLanguage":"de","@id":"https:\/\/independants-et-entrepreneurs.ch\/de\/#\/schema\/logo\/image\/","url":"https:\/\/i0.wp.com\/independants-et-entrepreneurs.ch\/wp-content\/uploads\/2020\/05\/cropped-LogoPhoto_Independants-et-Entrepreneurs.jpg?fit=512%2C512&ssl=1","contentUrl":"https:\/\/i0.wp.com\/independants-et-entrepreneurs.ch\/wp-content\/uploads\/2020\/05\/cropped-LogoPhoto_Independants-et-Entrepreneurs.jpg?fit=512%2C512&ssl=1","width":512,"height":512,"caption":"Ind\u00e9pendants et Entrepreneurs en Suisse"},"image":{"@id":"https:\/\/independants-et-entrepreneurs.ch\/de\/#\/schema\/logo\/image\/"},"sameAs":["https:\/\/www.facebook.com\/independants.et.entrepreneurs.ch","https:\/\/x.com\/Independant_eCH","https:\/\/www.instagram.com\/independants_et_entrepreneurs","https:\/\/www.linkedin.com\/company\/independants-et-entrepreneurs-ch","https:\/\/www.youtube.com\/channel\/UCkegkScKycSq81wtnbaZHEA"]}]}},"jetpack_sharing_enabled":true,"jetpack_likes_enabled":true,"_links":{"self":[{"href":"https:\/\/independants-et-entrepreneurs.ch\/de\/wp-json\/wp\/v2\/pages\/366","targetHints":{"allow":["GET"]}}],"collection":[{"href":"https:\/\/independants-et-entrepreneurs.ch\/de\/wp-json\/wp\/v2\/pages"}],"about":[{"href":"https:\/\/independants-et-entrepreneurs.ch\/de\/wp-json\/wp\/v2\/types\/page"}],"author":[{"embeddable":true,"href":"https:\/\/independants-et-entrepreneurs.ch\/de\/wp-json\/wp\/v2\/users\/1"}],"replies":[{"embeddable":true,"href":"https:\/\/independants-et-entrepreneurs.ch\/de\/wp-json\/wp\/v2\/comments?post=366"}],"version-history":[{"count":3,"href":"https:\/\/independants-et-entrepreneurs.ch\/de\/wp-json\/wp\/v2\/pages\/366\/revisions"}],"predecessor-version":[{"id":380,"href":"https:\/\/independants-et-entrepreneurs.ch\/de\/wp-json\/wp\/v2\/pages\/366\/revisions\/380"}],"wp:attachment":[{"href":"https:\/\/independants-et-entrepreneurs.ch\/de\/wp-json\/wp\/v2\/media?parent=366"}],"wp:term":[{"taxonomy":"category","embeddable":true,"href":"https:\/\/independants-et-entrepreneurs.ch\/de\/wp-json\/wp\/v2\/categories?post=366"},{"taxonomy":"post_tag","embeddable":true,"href":"https:\/\/independants-et-entrepreneurs.ch\/de\/wp-json\/wp\/v2\/tags?post=366"}],"curies":[{"name":"wp","href":"https:\/\/api.w.org\/{rel}","templated":true}]}}