{"id":586,"date":"2020-04-27T23:47:04","date_gmt":"2020-04-27T21:47:04","guid":{"rendered":"https:\/\/independants-et-entrepreneurs.ch\/international\/"},"modified":"2020-05-06T23:00:19","modified_gmt":"2020-05-06T21:00:19","slug":"international","status":"publish","type":"page","link":"https:\/\/independants-et-entrepreneurs.ch\/de\/international\/","title":{"rendered":"International"},"content":{"rendered":"\t\t<div data-elementor-type=\"wp-page\" data-elementor-id=\"586\" class=\"elementor elementor-586 elementor-502\" data-elementor-post-type=\"page\">\n\t\t\t\t\t\t<section class=\"elementor-section elementor-top-section elementor-element elementor-element-af17be6 elementor-section-boxed elementor-section-height-default elementor-section-height-default\" data-id=\"af17be6\" data-element_type=\"section\" data-e-type=\"section\">\n\t\t\t\t\t\t<div class=\"elementor-container elementor-column-gap-default\">\n\t\t\t\t\t<div class=\"elementor-column elementor-col-100 elementor-top-column elementor-element elementor-element-0c0e9b9\" data-id=\"0c0e9b9\" data-element_type=\"column\" data-e-type=\"column\">\n\t\t\t<div class=\"elementor-widget-wrap elementor-element-populated\">\n\t\t\t\t\t\t<div class=\"elementor-element elementor-element-5c84a9f elementor-widget elementor-widget-heading\" data-id=\"5c84a9f\" data-element_type=\"widget\" data-e-type=\"widget\" data-widget_type=\"heading.default\">\n\t\t\t\t<div class=\"elementor-widget-container\">\n\t\t\t\t\t<h2 class=\"elementor-heading-title elementor-size-default\">Ma\u00dfnahmen auf internationaler Ebene<\/h2>\t\t\t\t<\/div>\n\t\t\t\t<\/div>\n\t\t\t\t\t<\/div>\n\t\t<\/div>\n\t\t\t\t\t<\/div>\n\t\t<\/section>\n\t\t\t\t<section class=\"elementor-section elementor-top-section elementor-element elementor-element-b88c17a elementor-section-boxed elementor-section-height-default elementor-section-height-default\" data-id=\"b88c17a\" data-element_type=\"section\" data-e-type=\"section\">\n\t\t\t\t\t\t<div class=\"elementor-container elementor-column-gap-default\">\n\t\t\t\t\t<div class=\"elementor-column elementor-col-100 elementor-top-column elementor-element elementor-element-14b2ca7\" data-id=\"14b2ca7\" data-element_type=\"column\" data-e-type=\"column\">\n\t\t\t<div class=\"elementor-widget-wrap elementor-element-populated\">\n\t\t\t\t\t\t<div class=\"elementor-element elementor-element-de4c18e elementor-widget elementor-widget-text-editor\" data-id=\"de4c18e\" data-element_type=\"widget\" data-e-type=\"widget\" data-widget_type=\"text-editor.default\">\n\t\t\t\t<div class=\"elementor-widget-container\">\n\t\t\t\t\t\t\t\t\t<h3>United Kingdom (England, Scotland, Wales and Northern Ireland) + Republic of Ireland<\/h3>\n<ul>\n<li><a href=\"https:\/\/www.gov.uk\/coronavirus\/business-support\">www.gov.uk\/coronavirus\/business-support<\/a><br \/>Coronavirus (COVID-19) Unterst\u00fctzung wird Unternehmen zur Verf\u00fcgung stehen<br \/>Darlehen, Steuererleichterungen und Barzusch\u00fcsse werden zur Verf\u00fcgung stehen<br \/>Arbeitgeber k\u00f6nnen mitarbeiterische Personen beantragen, bis zu 80% zu zahlen, wenn sie nicht arbeiten k\u00f6nnen<br \/>Selbst\u00e4ndige erhalten bis zu \u00a32.500 pro Monat an Zusch\u00fcssen f\u00fcr mindestens 3 Monate<\/li>\n<li><a href=\"https:\/\/www.chambers.ie\/media\/coronavirus-covid-19-information-for-business\/8947-2\/\">https:\/\/www.chambers.ie\/media\/coronavirus-covid-19-information-for-business\/8947-2\/<\/a><\/li>\n<li><a href=\"https:\/\/www.bbc.com\/news\/uk-northern-ireland-52420451\">https:\/\/www.bbc.com\/news\/uk-northern-ireland-52420451<\/a><\/li>\n<li><a href=\"https:\/\/globalambition.ie\/covid-19\/\">https:\/\/globalambition.ie\/covid-19\/<\/a><\/li>\n<li><a href=\"https:\/\/www.businessinsider.fr\/us\/england-ireland-coronavirus-response-compared-2020-4\">https:\/\/www.businessinsider.fr\/us\/england-ireland-coronavirus-response-compared-2020-4<\/a><\/li>\n<\/ul>\n<h3>Canada<\/h3>\n<ul>\n<li><a href=\"https:\/\/www.quebec.ca\/entreprises-et-travailleurs-autonomes\/programme-actions-concertees-pour-le-maintien-en-emploi-pacme-covid-19\/\">https:\/\/www.quebec.ca\/entreprises-et-travailleurs-autonomes\/programme-actions-concertees-pour-le-maintien-en-emploi-pacme-covid-19\/<\/a><\/li>\n<\/ul>\n<h3>Poland<\/h3>\n<ul>\n<li><a href=\"https:\/\/www.praca.gov.pl\/eurzad\/index.eup\">https:\/\/www.praca.gov.pl\/eurzad\/index.eup<\/a><br \/>Wenn Sie in Polen Ihre Bussiness aussetzen mussten oder Ihr Einkommen um mehr als 15 gesunken ist, k\u00f6nnen Sie einmalig 250 bis 350 EUR haben, und Sie k\u00f6nnen die Aussetzung oder Stornierung von Sozialleistungen f\u00fcr 3 Monate beantragen. Dar\u00fcber hinaus k\u00f6nnen Sie 1.200 EUR Darlehen haben, wenn Sie weniger als 3.000 EUR in einem Monat verdienen.<\/li>\n<\/ul>\n\t\t\t\t\t\t\t\t<\/div>\n\t\t\t\t<\/div>\n\t\t\t\t\t<\/div>\n\t\t<\/div>\n\t\t\t\t\t<\/div>\n\t\t<\/section>\n\t\t\t\t<\/div>\n\t\t","protected":false},"excerpt":{"rendered":"<p>Ma\u00dfnahmen auf internationaler Ebene United Kingdom (England, Scotland, Wales and Northern Ireland) + Republic of Ireland www.gov.uk\/coronavirus\/business-supportCoronavirus (COVID-19) Unterst\u00fctzung wird Unternehmen zur Verf\u00fcgung stehenDarlehen, Steuererleichterungen und Barzusch\u00fcsse werden zur Verf\u00fcgung stehenArbeitgeber k\u00f6nnen mitarbeiterische Personen beantragen, bis zu 80% zu zahlen, wenn sie nicht arbeiten k\u00f6nnenSelbst\u00e4ndige erhalten bis zu \u00a32.500 pro Monat an Zusch\u00fcssen f\u00fcr mindestens [&hellip;]<\/p>\n","protected":false},"author":1,"featured_media":0,"parent":0,"menu_order":0,"comment_status":"closed","ping_status":"closed","template":"elementor_header_footer","meta":{"footnotes":""},"categories":[43],"tags":[],"class_list":["post-586","page","type-page","status-publish","hentry","category-offentliche-zone"],"yoast_head":"<!-- This site is optimized with the Yoast SEO plugin v26.8 - https:\/\/yoast.com\/product\/yoast-seo-wordpress\/ -->\n<title>International - Wir sind Selbst\u00e4ndige und Unternehmer in der Schweiz<\/title>\n<meta name=\"robots\" content=\"index, follow, max-snippet:-1, max-image-preview:large, max-video-preview:-1\" \/>\n<link rel=\"canonical\" href=\"https:\/\/independants-et-entrepreneurs.ch\/de\/international\/\" \/>\n<meta property=\"og:locale\" content=\"de_DE\" \/>\n<meta property=\"og:type\" content=\"article\" \/>\n<meta property=\"og:title\" content=\"International - Wir sind Selbst\u00e4ndige und Unternehmer in der Schweiz\" \/>\n<meta property=\"og:description\" content=\"Ma\u00dfnahmen auf internationaler Ebene United Kingdom (England, Scotland, Wales and Northern Ireland) + Republic of Ireland www.gov.uk\/coronavirus\/business-supportCoronavirus (COVID-19) Unterst\u00fctzung wird Unternehmen zur Verf\u00fcgung stehenDarlehen, Steuererleichterungen und Barzusch\u00fcsse werden zur Verf\u00fcgung stehenArbeitgeber k\u00f6nnen mitarbeiterische Personen beantragen, bis zu 80% zu zahlen, wenn sie nicht arbeiten k\u00f6nnenSelbst\u00e4ndige erhalten bis zu \u00a32.500 pro Monat an Zusch\u00fcssen f\u00fcr mindestens [&hellip;]\" \/>\n<meta property=\"og:url\" content=\"https:\/\/independants-et-entrepreneurs.ch\/de\/international\/\" \/>\n<meta property=\"og:site_name\" content=\"Wir sind Selbst\u00e4ndige und Unternehmer in der Schweiz\" \/>\n<meta property=\"article:publisher\" content=\"https:\/\/www.facebook.com\/independants.et.entrepreneurs.ch\" \/>\n<meta property=\"article:modified_time\" content=\"2020-05-06T21:00:19+00:00\" \/>\n<meta property=\"og:image\" content=\"https:\/\/independants-et-entrepreneurs.ch\/wp-content\/uploads\/2020\/05\/cropped-LogoPhoto_Independants-et-Entrepreneurs.jpg\" \/>\n\t<meta property=\"og:image:width\" content=\"512\" \/>\n\t<meta property=\"og:image:height\" content=\"512\" \/>\n\t<meta property=\"og:image:type\" content=\"image\/jpeg\" \/>\n<meta name=\"twitter:card\" content=\"summary_large_image\" \/>\n<meta name=\"twitter:site\" content=\"@Independant_eCH\" \/>\n<meta name=\"twitter:label1\" content=\"Gesch\u00e4tzte Lesezeit\" \/>\n\t<meta name=\"twitter:data1\" content=\"1\u00a0Minute\" \/>\n<script type=\"application\/ld+json\" class=\"yoast-schema-graph\">{\"@context\":\"https:\/\/schema.org\",\"@graph\":[{\"@type\":\"WebPage\",\"@id\":\"https:\/\/independants-et-entrepreneurs.ch\/de\/international\/\",\"url\":\"https:\/\/independants-et-entrepreneurs.ch\/de\/international\/\",\"name\":\"International - Wir sind Selbst\u00e4ndige und Unternehmer in der Schweiz\",\"isPartOf\":{\"@id\":\"https:\/\/independants-et-entrepreneurs.ch\/de\/#website\"},\"datePublished\":\"2020-04-27T21:47:04+00:00\",\"dateModified\":\"2020-05-06T21:00:19+00:00\",\"breadcrumb\":{\"@id\":\"https:\/\/independants-et-entrepreneurs.ch\/de\/international\/#breadcrumb\"},\"inLanguage\":\"de\",\"potentialAction\":[{\"@type\":\"ReadAction\",\"target\":[\"https:\/\/independants-et-entrepreneurs.ch\/de\/international\/\"]}]},{\"@type\":\"BreadcrumbList\",\"@id\":\"https:\/\/independants-et-entrepreneurs.ch\/de\/international\/#breadcrumb\",\"itemListElement\":[{\"@type\":\"ListItem\",\"position\":1,\"name\":\"Accueil\",\"item\":\"https:\/\/independants-et-entrepreneurs.ch\/de\/\"},{\"@type\":\"ListItem\",\"position\":2,\"name\":\"International\"}]},{\"@type\":\"WebSite\",\"@id\":\"https:\/\/independants-et-entrepreneurs.ch\/de\/#website\",\"url\":\"https:\/\/independants-et-entrepreneurs.ch\/de\/\",\"name\":\"Wir sind Selbst\u00e4ndige und Unternehmer in der Schweiz\",\"description\":\"une plateforme de communication pour le monde politique, \u00e9conomique, et m\u00e9diatique\",\"publisher\":{\"@id\":\"https:\/\/independants-et-entrepreneurs.ch\/de\/#organization\"},\"inLanguage\":\"de\"},{\"@type\":\"Organization\",\"@id\":\"https:\/\/independants-et-entrepreneurs.ch\/de\/#organization\",\"name\":\"Ind\u00e9pendants et Entrepreneurs en Suisse\",\"url\":\"https:\/\/independants-et-entrepreneurs.ch\/de\/\",\"logo\":{\"@type\":\"ImageObject\",\"inLanguage\":\"de\",\"@id\":\"https:\/\/independants-et-entrepreneurs.ch\/de\/#\/schema\/logo\/image\/\",\"url\":\"https:\/\/i0.wp.com\/independants-et-entrepreneurs.ch\/wp-content\/uploads\/2020\/05\/cropped-LogoPhoto_Independants-et-Entrepreneurs.jpg?fit=512%2C512&ssl=1\",\"contentUrl\":\"https:\/\/i0.wp.com\/independants-et-entrepreneurs.ch\/wp-content\/uploads\/2020\/05\/cropped-LogoPhoto_Independants-et-Entrepreneurs.jpg?fit=512%2C512&ssl=1\",\"width\":512,\"height\":512,\"caption\":\"Ind\u00e9pendants et Entrepreneurs en Suisse\"},\"image\":{\"@id\":\"https:\/\/independants-et-entrepreneurs.ch\/de\/#\/schema\/logo\/image\/\"},\"sameAs\":[\"https:\/\/www.facebook.com\/independants.et.entrepreneurs.ch\",\"https:\/\/x.com\/Independant_eCH\",\"https:\/\/www.instagram.com\/independants_et_entrepreneurs\",\"https:\/\/www.linkedin.com\/company\/independants-et-entrepreneurs-ch\",\"https:\/\/www.youtube.com\/channel\/UCkegkScKycSq81wtnbaZHEA\"]}]}<\/script>\n<!-- \/ Yoast SEO plugin. -->","yoast_head_json":{"title":"International - Wir sind Selbst\u00e4ndige und Unternehmer in der Schweiz","robots":{"index":"index","follow":"follow","max-snippet":"max-snippet:-1","max-image-preview":"max-image-preview:large","max-video-preview":"max-video-preview:-1"},"canonical":"https:\/\/independants-et-entrepreneurs.ch\/de\/international\/","og_locale":"de_DE","og_type":"article","og_title":"International - Wir sind Selbst\u00e4ndige und Unternehmer in der Schweiz","og_description":"Ma\u00dfnahmen auf internationaler Ebene United Kingdom (England, Scotland, Wales and Northern Ireland) + Republic of Ireland www.gov.uk\/coronavirus\/business-supportCoronavirus (COVID-19) Unterst\u00fctzung wird Unternehmen zur Verf\u00fcgung stehenDarlehen, Steuererleichterungen und Barzusch\u00fcsse werden zur Verf\u00fcgung stehenArbeitgeber k\u00f6nnen mitarbeiterische Personen beantragen, bis zu 80% zu zahlen, wenn sie nicht arbeiten k\u00f6nnenSelbst\u00e4ndige erhalten bis zu \u00a32.500 pro Monat an Zusch\u00fcssen f\u00fcr mindestens [&hellip;]","og_url":"https:\/\/independants-et-entrepreneurs.ch\/de\/international\/","og_site_name":"Wir sind Selbst\u00e4ndige und Unternehmer in der Schweiz","article_publisher":"https:\/\/www.facebook.com\/independants.et.entrepreneurs.ch","article_modified_time":"2020-05-06T21:00:19+00:00","og_image":[{"width":512,"height":512,"url":"https:\/\/independants-et-entrepreneurs.ch\/wp-content\/uploads\/2020\/05\/cropped-LogoPhoto_Independants-et-Entrepreneurs.jpg","type":"image\/jpeg"}],"twitter_card":"summary_large_image","twitter_site":"@Independant_eCH","twitter_misc":{"Gesch\u00e4tzte Lesezeit":"1\u00a0Minute"},"schema":{"@context":"https:\/\/schema.org","@graph":[{"@type":"WebPage","@id":"https:\/\/independants-et-entrepreneurs.ch\/de\/international\/","url":"https:\/\/independants-et-entrepreneurs.ch\/de\/international\/","name":"International - Wir sind Selbst\u00e4ndige und Unternehmer in der Schweiz","isPartOf":{"@id":"https:\/\/independants-et-entrepreneurs.ch\/de\/#website"},"datePublished":"2020-04-27T21:47:04+00:00","dateModified":"2020-05-06T21:00:19+00:00","breadcrumb":{"@id":"https:\/\/independants-et-entrepreneurs.ch\/de\/international\/#breadcrumb"},"inLanguage":"de","potentialAction":[{"@type":"ReadAction","target":["https:\/\/independants-et-entrepreneurs.ch\/de\/international\/"]}]},{"@type":"BreadcrumbList","@id":"https:\/\/independants-et-entrepreneurs.ch\/de\/international\/#breadcrumb","itemListElement":[{"@type":"ListItem","position":1,"name":"Accueil","item":"https:\/\/independants-et-entrepreneurs.ch\/de\/"},{"@type":"ListItem","position":2,"name":"International"}]},{"@type":"WebSite","@id":"https:\/\/independants-et-entrepreneurs.ch\/de\/#website","url":"https:\/\/independants-et-entrepreneurs.ch\/de\/","name":"Wir sind Selbst\u00e4ndige und Unternehmer in der Schweiz","description":"une plateforme de communication pour le monde politique, \u00e9conomique, et m\u00e9diatique","publisher":{"@id":"https:\/\/independants-et-entrepreneurs.ch\/de\/#organization"},"inLanguage":"de"},{"@type":"Organization","@id":"https:\/\/independants-et-entrepreneurs.ch\/de\/#organization","name":"Ind\u00e9pendants et Entrepreneurs en Suisse","url":"https:\/\/independants-et-entrepreneurs.ch\/de\/","logo":{"@type":"ImageObject","inLanguage":"de","@id":"https:\/\/independants-et-entrepreneurs.ch\/de\/#\/schema\/logo\/image\/","url":"https:\/\/i0.wp.com\/independants-et-entrepreneurs.ch\/wp-content\/uploads\/2020\/05\/cropped-LogoPhoto_Independants-et-Entrepreneurs.jpg?fit=512%2C512&ssl=1","contentUrl":"https:\/\/i0.wp.com\/independants-et-entrepreneurs.ch\/wp-content\/uploads\/2020\/05\/cropped-LogoPhoto_Independants-et-Entrepreneurs.jpg?fit=512%2C512&ssl=1","width":512,"height":512,"caption":"Ind\u00e9pendants et Entrepreneurs en Suisse"},"image":{"@id":"https:\/\/independants-et-entrepreneurs.ch\/de\/#\/schema\/logo\/image\/"},"sameAs":["https:\/\/www.facebook.com\/independants.et.entrepreneurs.ch","https:\/\/x.com\/Independant_eCH","https:\/\/www.instagram.com\/independants_et_entrepreneurs","https:\/\/www.linkedin.com\/company\/independants-et-entrepreneurs-ch","https:\/\/www.youtube.com\/channel\/UCkegkScKycSq81wtnbaZHEA"]}]}},"jetpack_sharing_enabled":true,"jetpack_likes_enabled":true,"_links":{"self":[{"href":"https:\/\/independants-et-entrepreneurs.ch\/de\/wp-json\/wp\/v2\/pages\/586","targetHints":{"allow":["GET"]}}],"collection":[{"href":"https:\/\/independants-et-entrepreneurs.ch\/de\/wp-json\/wp\/v2\/pages"}],"about":[{"href":"https:\/\/independants-et-entrepreneurs.ch\/de\/wp-json\/wp\/v2\/types\/page"}],"author":[{"embeddable":true,"href":"https:\/\/independants-et-entrepreneurs.ch\/de\/wp-json\/wp\/v2\/users\/1"}],"replies":[{"embeddable":true,"href":"https:\/\/independants-et-entrepreneurs.ch\/de\/wp-json\/wp\/v2\/comments?post=586"}],"version-history":[{"count":1,"href":"https:\/\/independants-et-entrepreneurs.ch\/de\/wp-json\/wp\/v2\/pages\/586\/revisions"}],"predecessor-version":[{"id":587,"href":"https:\/\/independants-et-entrepreneurs.ch\/de\/wp-json\/wp\/v2\/pages\/586\/revisions\/587"}],"wp:attachment":[{"href":"https:\/\/independants-et-entrepreneurs.ch\/de\/wp-json\/wp\/v2\/media?parent=586"}],"wp:term":[{"taxonomy":"category","embeddable":true,"href":"https:\/\/independants-et-entrepreneurs.ch\/de\/wp-json\/wp\/v2\/categories?post=586"},{"taxonomy":"post_tag","embeddable":true,"href":"https:\/\/independants-et-entrepreneurs.ch\/de\/wp-json\/wp\/v2\/tags?post=586"}],"curies":[{"name":"wp","href":"https:\/\/api.w.org\/{rel}","templated":true}]}}