{"id":362,"date":"2020-04-25T18:49:54","date_gmt":"2020-04-25T16:49:54","guid":{"rendered":"https:\/\/independants-et-entrepreneurs.ch\/carta\/"},"modified":"2020-04-25T18:49:54","modified_gmt":"2020-04-25T16:49:54","slug":"carta","status":"publish","type":"page","link":"https:\/\/independants-et-entrepreneurs.ch\/it\/carta\/","title":{"rendered":"Carta"},"content":{"rendered":"\t\t<div data-elementor-type=\"wp-page\" data-elementor-id=\"362\" class=\"elementor elementor-362 elementor-348\" data-elementor-post-type=\"page\">\n\t\t\t\t\t\t<section class=\"elementor-section elementor-top-section elementor-element elementor-element-08b5a09 elementor-section-boxed elementor-section-height-default elementor-section-height-default\" data-id=\"08b5a09\" data-element_type=\"section\" data-e-type=\"section\">\n\t\t\t\t\t\t<div class=\"elementor-container elementor-column-gap-default\">\n\t\t\t\t\t<div class=\"elementor-column elementor-col-100 elementor-top-column elementor-element elementor-element-c29dc6d\" data-id=\"c29dc6d\" data-element_type=\"column\" data-e-type=\"column\">\n\t\t\t<div class=\"elementor-widget-wrap elementor-element-populated\">\n\t\t\t\t\t\t<div class=\"elementor-element elementor-element-3ca661e elementor-widget elementor-widget-heading\" data-id=\"3ca661e\" data-element_type=\"widget\" data-e-type=\"widget\" data-widget_type=\"heading.default\">\n\t\t\t\t<div class=\"elementor-widget-container\">\n\t\t\t\t\t<h2 class=\"elementor-heading-title elementor-size-default\">Facebook Group Charter \"Indipendenti e Imprenditori Svizzera\"<\/h2>\t\t\t\t<\/div>\n\t\t\t\t<\/div>\n\t\t\t\t\t<\/div>\n\t\t<\/div>\n\t\t\t\t\t<\/div>\n\t\t<\/section>\n\t\t\t\t<section class=\"elementor-section elementor-top-section elementor-element elementor-element-aff7e98 elementor-section-boxed elementor-section-height-default elementor-section-height-default\" data-id=\"aff7e98\" data-element_type=\"section\" data-e-type=\"section\">\n\t\t\t\t\t\t<div class=\"elementor-container elementor-column-gap-default\">\n\t\t\t\t\t<div class=\"elementor-column elementor-col-100 elementor-top-column elementor-element elementor-element-53145f6\" data-id=\"53145f6\" data-element_type=\"column\" data-e-type=\"column\">\n\t\t\t<div class=\"elementor-widget-wrap elementor-element-populated\">\n\t\t\t\t\t\t<div class=\"elementor-element elementor-element-b4d6de9 elementor-widget elementor-widget-text-editor\" data-id=\"b4d6de9\" data-element_type=\"widget\" data-e-type=\"widget\" data-widget_type=\"text-editor.default\">\n\t\t\t\t<div class=\"elementor-widget-container\">\n\t\t\t\t\t\t\t\t\t<p><b>A proposito<\/b><\/p>\n<p>Questo gruppo riunisce imprenditori autonomi che vivono e\/o lavorano in Svizzera.<br \/>\nSiamo pi\u00f9 di 7.000 membri della Svizzera francofona (GE, VD, VS, FR, NE, JU), cos\u00ec come alcuni Cantoni in Svizzera Aleman (BE, ,H, &#8230;) e questo numero \u00e8 in aumento ogni giorno.<br \/>\nIl gruppo \u00e8 stato fondato da C\u00e9cile Colin il 15 marzo 2020 nel pieno della crisi del Coronavirus.<br \/>\nClaude Christophi e Jean-Paul Vulliemin gestiscono il gruppo con C\u00e9cile Colin.<br \/>\nAttualmente, un team di moderazione di 12 persone li sostiene.<\/p>\n<p><b>01 Obiettivi<\/b><\/p>\n<ul>\n<li>essere una piattaforma di scambio e di informazione per i lavoratori autonomi e gli imprenditori<\/li>\n<li>essere un partner per gli ambienti politici e socioeconomici<\/li>\n<li>per ottenere una migliore protezione sociale a lungo termine per i lavoratori autonomi e gli imprenditori come la disoccupazione, la riduzione dell&#8217;orario di lavoro (RHT), APG<\/li>\n<\/ul>\n<p><b>02 Temi<\/b><\/p>\n<ul>\n<li>Condividere informazioni, soluzioni che tengano conto delle normative federali e delle specificit\u00e0 cantonali, favorire l\u2019aiuto e il sostegno reciproco, essere fonte di emulazione, dare a tutti la possibilit\u00e0 di esprimersi in un ambiente benevolo.<\/li>\n<\/ul>\n<p><b>03 Valori<\/b><\/p>\n<ul>\n<li>Benevolenza, autenticit\u00e0, condivisione, aiuto, supporto, ascolto, rispetto reciproco.<\/li>\n<\/ul>\n<p><b>04 Non \u00e8 consentita alcuna promozione\/pubblicit\u00e0 nel gruppo<\/b><\/p>\n<ul>\n<li>Questo gruppo non funge da cartellone pubblicitario. Le pubblicazioni devono aggiungere valore al collettivo, sia attraverso risposte\/consigli che attraverso domande chiare e pertinenti.<\/li>\n<li>I membri del gruppo non sono tuoi clienti.<\/li>\n<li>Inoltre, evitare di utilizzare la comunit\u00e0 per organizzare le attivit\u00e0.<\/li>\n<li>I contatti sono consentiti solo da Private Message (MP Messenger), lo scambio di indirizzo e-mail e\/o numero di telefono non \u00e8 consentito n\u00e9 su un post n\u00e9 su un commento.<\/li>\n<li>Questi scambi possono essere eliminati senza preavviso.<br \/>\nIn linea di principio preferiamo che sono i profili personali che si esprimono.<\/li>\n<\/ul>\n<p><b>05 Presentazione dei membri \/ Domanda sui prodotti necessari<\/b><\/p>\n<ul>\n<li>Il team di moderazione pu\u00f2 avviare pubblicazioni aperte ai commenti\n<ul>\n<li>Per discutere di un particolare argomento come maschera protettiva, gel idroalcolico, &#8230;<\/li>\n<li>Per presentarsi e conoscersi<\/li>\n<\/ul>\n<\/li>\n<li>In commentare tutti coloro che vogliono saranno in grado di presentarsi con le proprie specifiche, il suo valore aggiunto e mettere un link alla loro pagina Facebook o il suo sito web.<\/li>\n<li>Un Page Pro pu\u00f2 anche esprimersi, se vuole parlare della sua situazione specifica e\/o delle sue esigenze per chiedere aiuto al collettivo.<\/li>\n<\/ul>\n<p><b>06 I commenti devono essere positivi, costruttivi, con un valore aggiunto, oggettivo o<\/b><\/p>\n<ul>\n<li>Eventuali commenti negativi e\/o offensivi verranno eliminati.<\/li>\n<li>Eventuali commenti duplicati verranno eliminati quando lo vediamo.<\/li>\n<li>Eventuali commenti ripetuti da una persona su pi\u00f9 post, sotto forma di copia \/ incolla o un desiderio di visibilit\u00e0, saranno considerati spam, saranno cancellati.<\/li>\n<\/ul>\n<p>Non puoi essere d&#8217;accordo con tutti (ancora felici!) e hai il diritto di esprimere la tua opinione. Ma sempre con benevolenza e attraverso commenti costruttivi.<\/p>\n<p><b>Una pubblicazione sar\u00e0 approvata se segue le seguenti regole:<\/b><\/p>\n<p><b>07<\/b> La pubblicazione \u00e8 positiva, informativa o costruttiva e rispetta i temi e i valori del gruppo.<\/p>\n<ul>\n<li>La pubblicazione negativa e\/o offensiva e\/o controversa non sar\u00e0 approvata.<\/li>\n<li>Ci riserviamo il diritto di eliminare un post col senno di poi se vediamo una deriva nei commenti,<\/li>\n<\/ul>\n<p><b>08<\/b> La pubblicazione \u00e8 una condivisione di informazioni, un link a una pagina informativa di un sito web, una richiesta di aiuto, un sondaggio, una domanda.<\/p>\n<p><b>09<\/b> La pubblicazione non duplica una pubblicazione esistente.<\/p>\n<ul>\n<li>Ci riserviamo il diritto di eliminare il doppio post o le pubblicazioni (stesso articolo di stampa, stesso contenuto) col senno di poi.<\/li>\n<\/ul>\n<p><b>10<\/b> Ti chiediamo di iniziare i tuoi post con hashtag<\/p>\n<ul>\n<li>(il cantone e i temi), parole chiave come #geneve #apg o #suisse o #vaud #rht) che gli permetteranno di assegnare un argomento (tema\/rubrico) per consentirne la ricerca.<\/li>\n<\/ul>\n<p><b>11 Sii gentile e cortese<\/b><\/p>\n<ul>\n<li>Creare un ambiente rispettoso e professionale \u00e8 la nostra responsabilit\u00e0 nei confronti di tutti noi.<\/li>\n<li>Trattiamo tutti con rispetto. \u00c8 normale avere dibattiti costruttivi, ma \u00e8 essenziale rimanere gentili.<\/li>\n<\/ul>\n<p><b>12 Nessun incitamento all&#8217;odio, nessuna molestia<\/b><\/p>\n<ul>\n<li>Fai sentire tutti al sicuro.<\/li>\n<li>Le molestie in tutte le sue forme sono vietate e non sono tollerati commenti degradanti.<\/li>\n<\/ul>\n<p><b>13<\/b> In questi tempi di crisi sanitaria coronavirus.<\/p>\n<ul>\n<li>Attiriamo la vostra attenzione sul fatto che vi chiediamo di rispettare le regole stabilite dall&#8217;Ufficio federale della sanit\u00e0 pubblica (OFSP) <a href=\"https:\/\/ofsp-coronavirus.ch\/\">ofsp-coronavirus.ch<\/a> al fine di proteggere la popolazione.<\/li>\n<\/ul>\n<p>Il mancato rispetto di queste regole non sar\u00e0 tollerato e comporter\u00e0 l&#8217;esclusione.<\/p>\n<p><strong>La risposta alle domande di ammissione riguardanti le regole del gruppo \u00e8 un prerequisito per l&#8217;ammissione come membro del gruppo.<\/strong><\/p>\n<p>Le richieste di iscrizione senza risposta non verranno convalidate.<br \/>\nProfilo non verificabile &#8211; rifiutato<br \/>\nRegole di gruppo violate &#8211; esclusione<\/p>\n<p>DOMANDE SULL&#8217;AMMISSIONE<\/p>\n<ol>\n<li>Sei domiciliato in Svizzera? In quale cantone?<\/li>\n<li>Sei un lavoratore autonomo e\/o un imprenditore o un dipendente? In quale campo?<\/li>\n<li>Ti impegni ad assumerti la responsabilit\u00e0 di tutte le tue pubblicazioni (contenuti, risposte, ecc.) tra cui la propriet\u00e0 intellettuale, i diritti di immagine e tutte le leggi applicabili?<\/li>\n<\/ol>\n<p>Ultima revisione: 20.04.2020<\/p>\n\t\t\t\t\t\t\t\t<\/div>\n\t\t\t\t<\/div>\n\t\t\t\t\t<\/div>\n\t\t<\/div>\n\t\t\t\t\t<\/div>\n\t\t<\/section>\n\t\t\t\t<\/div>\n\t\t","protected":false},"excerpt":{"rendered":"<p>Facebook Group Charter &#8220;Indipendenti e Imprenditori Svizzera&#8221; A proposito Questo gruppo riunisce imprenditori autonomi che vivono e\/o lavorano in Svizzera. Siamo pi\u00f9 di 7.000 membri della Svizzera francofona (GE, VD, VS, FR, NE, JU), cos\u00ec come alcuni Cantoni in Svizzera Aleman (BE, ,H, &#8230;) e questo numero \u00e8 in aumento ogni giorno. Il gruppo \u00e8 [&hellip;]<\/p>\n","protected":false},"author":1,"featured_media":0,"parent":0,"menu_order":0,"comment_status":"closed","ping_status":"closed","template":"elementor_header_footer","meta":{"footnotes":""},"categories":[],"tags":[],"class_list":["post-362","page","type-page","status-publish","hentry"],"yoast_head":"<!-- This site is optimized with the Yoast SEO plugin v26.8 - https:\/\/yoast.com\/product\/yoast-seo-wordpress\/ -->\n<title>Carta - Siamo liberi professionisti e imprenditori in Svizzera<\/title>\n<meta name=\"robots\" content=\"index, follow, max-snippet:-1, max-image-preview:large, max-video-preview:-1\" \/>\n<link rel=\"canonical\" href=\"https:\/\/independants-et-entrepreneurs.ch\/it\/carta\/\" \/>\n<meta property=\"og:locale\" content=\"it_IT\" \/>\n<meta property=\"og:type\" content=\"article\" \/>\n<meta property=\"og:title\" content=\"Carta - Siamo liberi professionisti e imprenditori in Svizzera\" \/>\n<meta property=\"og:description\" content=\"Facebook Group Charter &#8220;Indipendenti e Imprenditori Svizzera&#8221; A proposito Questo gruppo riunisce imprenditori autonomi che vivono e\/o lavorano in Svizzera. Siamo pi\u00f9 di 7.000 membri della Svizzera francofona (GE, VD, VS, FR, NE, JU), cos\u00ec come alcuni Cantoni in Svizzera Aleman (BE, ,H, &#8230;) e questo numero \u00e8 in aumento ogni giorno. Il gruppo \u00e8 [&hellip;]\" \/>\n<meta property=\"og:url\" content=\"https:\/\/independants-et-entrepreneurs.ch\/it\/carta\/\" \/>\n<meta property=\"og:site_name\" content=\"Siamo liberi professionisti e imprenditori in Svizzera\" \/>\n<meta property=\"article:publisher\" content=\"https:\/\/www.facebook.com\/independants.et.entrepreneurs.ch\" \/>\n<meta property=\"og:image\" content=\"https:\/\/independants-et-entrepreneurs.ch\/wp-content\/uploads\/2020\/05\/cropped-LogoPhoto_Independants-et-Entrepreneurs.jpg\" \/>\n\t<meta property=\"og:image:width\" content=\"512\" \/>\n\t<meta property=\"og:image:height\" content=\"512\" \/>\n\t<meta property=\"og:image:type\" content=\"image\/jpeg\" \/>\n<meta name=\"twitter:card\" content=\"summary_large_image\" \/>\n<meta name=\"twitter:site\" content=\"@Independant_eCH\" \/>\n<meta name=\"twitter:label1\" content=\"Tempo di lettura stimato\" \/>\n\t<meta name=\"twitter:data1\" content=\"4 minuti\" \/>\n<script type=\"application\/ld+json\" class=\"yoast-schema-graph\">{\"@context\":\"https:\/\/schema.org\",\"@graph\":[{\"@type\":\"WebPage\",\"@id\":\"https:\/\/independants-et-entrepreneurs.ch\/it\/carta\/\",\"url\":\"https:\/\/independants-et-entrepreneurs.ch\/it\/carta\/\",\"name\":\"Carta - Siamo liberi professionisti e imprenditori in Svizzera\",\"isPartOf\":{\"@id\":\"https:\/\/independants-et-entrepreneurs.ch\/it\/#website\"},\"datePublished\":\"2020-04-25T16:49:54+00:00\",\"breadcrumb\":{\"@id\":\"https:\/\/independants-et-entrepreneurs.ch\/it\/carta\/#breadcrumb\"},\"inLanguage\":\"it-IT\",\"potentialAction\":[{\"@type\":\"ReadAction\",\"target\":[\"https:\/\/independants-et-entrepreneurs.ch\/it\/carta\/\"]}]},{\"@type\":\"BreadcrumbList\",\"@id\":\"https:\/\/independants-et-entrepreneurs.ch\/it\/carta\/#breadcrumb\",\"itemListElement\":[{\"@type\":\"ListItem\",\"position\":1,\"name\":\"Accueil\",\"item\":\"https:\/\/independants-et-entrepreneurs.ch\/it\/\"},{\"@type\":\"ListItem\",\"position\":2,\"name\":\"Carta\"}]},{\"@type\":\"WebSite\",\"@id\":\"https:\/\/independants-et-entrepreneurs.ch\/it\/#website\",\"url\":\"https:\/\/independants-et-entrepreneurs.ch\/it\/\",\"name\":\"Siamo liberi professionisti e imprenditori in Svizzera\",\"description\":\"une plateforme de communication pour le monde politique, \u00e9conomique, et m\u00e9diatique\",\"publisher\":{\"@id\":\"https:\/\/independants-et-entrepreneurs.ch\/it\/#organization\"},\"inLanguage\":\"it-IT\"},{\"@type\":\"Organization\",\"@id\":\"https:\/\/independants-et-entrepreneurs.ch\/it\/#organization\",\"name\":\"Ind\u00e9pendants et Entrepreneurs en Suisse\",\"url\":\"https:\/\/independants-et-entrepreneurs.ch\/it\/\",\"logo\":{\"@type\":\"ImageObject\",\"inLanguage\":\"it-IT\",\"@id\":\"https:\/\/independants-et-entrepreneurs.ch\/it\/#\/schema\/logo\/image\/\",\"url\":\"https:\/\/i0.wp.com\/independants-et-entrepreneurs.ch\/wp-content\/uploads\/2020\/05\/cropped-LogoPhoto_Independants-et-Entrepreneurs.jpg?fit=512%2C512&ssl=1\",\"contentUrl\":\"https:\/\/i0.wp.com\/independants-et-entrepreneurs.ch\/wp-content\/uploads\/2020\/05\/cropped-LogoPhoto_Independants-et-Entrepreneurs.jpg?fit=512%2C512&ssl=1\",\"width\":512,\"height\":512,\"caption\":\"Ind\u00e9pendants et Entrepreneurs en Suisse\"},\"image\":{\"@id\":\"https:\/\/independants-et-entrepreneurs.ch\/it\/#\/schema\/logo\/image\/\"},\"sameAs\":[\"https:\/\/www.facebook.com\/independants.et.entrepreneurs.ch\",\"https:\/\/x.com\/Independant_eCH\",\"https:\/\/www.instagram.com\/independants_et_entrepreneurs\",\"https:\/\/www.linkedin.com\/company\/independants-et-entrepreneurs-ch\",\"https:\/\/www.youtube.com\/channel\/UCkegkScKycSq81wtnbaZHEA\"]}]}<\/script>\n<!-- \/ Yoast SEO plugin. -->","yoast_head_json":{"title":"Carta - Siamo liberi professionisti e imprenditori in Svizzera","robots":{"index":"index","follow":"follow","max-snippet":"max-snippet:-1","max-image-preview":"max-image-preview:large","max-video-preview":"max-video-preview:-1"},"canonical":"https:\/\/independants-et-entrepreneurs.ch\/it\/carta\/","og_locale":"it_IT","og_type":"article","og_title":"Carta - Siamo liberi professionisti e imprenditori in Svizzera","og_description":"Facebook Group Charter &#8220;Indipendenti e Imprenditori Svizzera&#8221; A proposito Questo gruppo riunisce imprenditori autonomi che vivono e\/o lavorano in Svizzera. Siamo pi\u00f9 di 7.000 membri della Svizzera francofona (GE, VD, VS, FR, NE, JU), cos\u00ec come alcuni Cantoni in Svizzera Aleman (BE, ,H, &#8230;) e questo numero \u00e8 in aumento ogni giorno. Il gruppo \u00e8 [&hellip;]","og_url":"https:\/\/independants-et-entrepreneurs.ch\/it\/carta\/","og_site_name":"Siamo liberi professionisti e imprenditori in Svizzera","article_publisher":"https:\/\/www.facebook.com\/independants.et.entrepreneurs.ch","og_image":[{"width":512,"height":512,"url":"https:\/\/independants-et-entrepreneurs.ch\/wp-content\/uploads\/2020\/05\/cropped-LogoPhoto_Independants-et-Entrepreneurs.jpg","type":"image\/jpeg"}],"twitter_card":"summary_large_image","twitter_site":"@Independant_eCH","twitter_misc":{"Tempo di lettura stimato":"4 minuti"},"schema":{"@context":"https:\/\/schema.org","@graph":[{"@type":"WebPage","@id":"https:\/\/independants-et-entrepreneurs.ch\/it\/carta\/","url":"https:\/\/independants-et-entrepreneurs.ch\/it\/carta\/","name":"Carta - Siamo liberi professionisti e imprenditori in Svizzera","isPartOf":{"@id":"https:\/\/independants-et-entrepreneurs.ch\/it\/#website"},"datePublished":"2020-04-25T16:49:54+00:00","breadcrumb":{"@id":"https:\/\/independants-et-entrepreneurs.ch\/it\/carta\/#breadcrumb"},"inLanguage":"it-IT","potentialAction":[{"@type":"ReadAction","target":["https:\/\/independants-et-entrepreneurs.ch\/it\/carta\/"]}]},{"@type":"BreadcrumbList","@id":"https:\/\/independants-et-entrepreneurs.ch\/it\/carta\/#breadcrumb","itemListElement":[{"@type":"ListItem","position":1,"name":"Accueil","item":"https:\/\/independants-et-entrepreneurs.ch\/it\/"},{"@type":"ListItem","position":2,"name":"Carta"}]},{"@type":"WebSite","@id":"https:\/\/independants-et-entrepreneurs.ch\/it\/#website","url":"https:\/\/independants-et-entrepreneurs.ch\/it\/","name":"Siamo liberi professionisti e imprenditori in Svizzera","description":"une plateforme de communication pour le monde politique, \u00e9conomique, et m\u00e9diatique","publisher":{"@id":"https:\/\/independants-et-entrepreneurs.ch\/it\/#organization"},"inLanguage":"it-IT"},{"@type":"Organization","@id":"https:\/\/independants-et-entrepreneurs.ch\/it\/#organization","name":"Ind\u00e9pendants et Entrepreneurs en Suisse","url":"https:\/\/independants-et-entrepreneurs.ch\/it\/","logo":{"@type":"ImageObject","inLanguage":"it-IT","@id":"https:\/\/independants-et-entrepreneurs.ch\/it\/#\/schema\/logo\/image\/","url":"https:\/\/i0.wp.com\/independants-et-entrepreneurs.ch\/wp-content\/uploads\/2020\/05\/cropped-LogoPhoto_Independants-et-Entrepreneurs.jpg?fit=512%2C512&ssl=1","contentUrl":"https:\/\/i0.wp.com\/independants-et-entrepreneurs.ch\/wp-content\/uploads\/2020\/05\/cropped-LogoPhoto_Independants-et-Entrepreneurs.jpg?fit=512%2C512&ssl=1","width":512,"height":512,"caption":"Ind\u00e9pendants et Entrepreneurs en Suisse"},"image":{"@id":"https:\/\/independants-et-entrepreneurs.ch\/it\/#\/schema\/logo\/image\/"},"sameAs":["https:\/\/www.facebook.com\/independants.et.entrepreneurs.ch","https:\/\/x.com\/Independant_eCH","https:\/\/www.instagram.com\/independants_et_entrepreneurs","https:\/\/www.linkedin.com\/company\/independants-et-entrepreneurs-ch","https:\/\/www.youtube.com\/channel\/UCkegkScKycSq81wtnbaZHEA"]}]}},"jetpack_sharing_enabled":true,"jetpack_likes_enabled":true,"_links":{"self":[{"href":"https:\/\/independants-et-entrepreneurs.ch\/it\/wp-json\/wp\/v2\/pages\/362","targetHints":{"allow":["GET"]}}],"collection":[{"href":"https:\/\/independants-et-entrepreneurs.ch\/it\/wp-json\/wp\/v2\/pages"}],"about":[{"href":"https:\/\/independants-et-entrepreneurs.ch\/it\/wp-json\/wp\/v2\/types\/page"}],"author":[{"embeddable":true,"href":"https:\/\/independants-et-entrepreneurs.ch\/it\/wp-json\/wp\/v2\/users\/1"}],"replies":[{"embeddable":true,"href":"https:\/\/independants-et-entrepreneurs.ch\/it\/wp-json\/wp\/v2\/comments?post=362"}],"version-history":[{"count":1,"href":"https:\/\/independants-et-entrepreneurs.ch\/it\/wp-json\/wp\/v2\/pages\/362\/revisions"}],"predecessor-version":[{"id":363,"href":"https:\/\/independants-et-entrepreneurs.ch\/it\/wp-json\/wp\/v2\/pages\/362\/revisions\/363"}],"wp:attachment":[{"href":"https:\/\/independants-et-entrepreneurs.ch\/it\/wp-json\/wp\/v2\/media?parent=362"}],"wp:term":[{"taxonomy":"category","embeddable":true,"href":"https:\/\/independants-et-entrepreneurs.ch\/it\/wp-json\/wp\/v2\/categories?post=362"},{"taxonomy":"post_tag","embeddable":true,"href":"https:\/\/independants-et-entrepreneurs.ch\/it\/wp-json\/wp\/v2\/tags?post=362"}],"curies":[{"name":"wp","href":"https:\/\/api.w.org\/{rel}","templated":true}]}}